{"id":3766,"date":"2020-01-18T13:37:58","date_gmt":"2020-01-18T12:37:58","guid":{"rendered":"http:\/\/www.stredoeuropskepohlady.fss.ukf.sk\/?page_id=3766"},"modified":"2020-01-24T09:29:55","modified_gmt":"2020-01-24T08:29:55","slug":"osmickove-vyrocia-v-pedagogickom-kontexte","status":"publish","type":"page","link":"https:\/\/www.stredoeuropskepohlady.fss.ukf.sk\/?page_id=3766","title":{"rendered":"Osmi\u010dkov\u00e9 v\u00fdro\u010dia v pedagogickom kontexte"},"content":{"rendered":"<h2 style=\"text-align: center;\">Years of \u201eEights\u201d in Pedagogical Context<\/h2>\n<h3>Eva Vit\u00e9zov\u00e1<\/h3>\n<p><strong><span style=\"color: #666666;\">IN:\u00a0<\/span><\/strong><span style=\"color: #666666;\">Stredoeur\u00f3pske poh\u013eady, Vol. I., Issue 1, 2019, pp. 103-110,\u00a0ISSN 2644-6367 (print), ISSN-2644-6472 (online)<\/span><\/p>\n<p><strong>DOI:\u00a0<\/strong>10.17846\/CEV.2019.01.1.103-110<\/p>\n<p><strong>Abstract:<\/strong><\/p>\n<blockquote style=\"font-size: 14pt; font-family: 'Source Sans Pro', 'Helvetica Neue', Helvetica, Arial, sans-serif;\"><p>In terms of significant historical anniversaries, the year 2018 is exceptional and extraordinary for Slovakia. During the year, we commemorate many anniversaries with both positive and negative connotation. Today\u2019s teachers have to deal with a challenge of transformation of these anniversaries into the pedagogical process. We will pay attention to this issue in our contribution.<\/p><\/blockquote>\n<p><a href=\"https:\/\/www.stredoeuropskepohlady.fss.ukf.sk\/wp-content\/uploads\/2019\/12\/2019-01-12_Vitezova.pdf\"><strong>PDF<\/strong><\/a><\/p>\n","protected":false},"excerpt":{"rendered":"<p>Years of \u201eEights\u201d in Pedagogical Context Eva Vit\u00e9zov\u00e1 IN:\u00a0Stredoeur\u00f3pske poh\u013eady, Vol. I., Issue 1, 2019, [&hellip;]<\/p>\n","protected":false},"author":5,"featured_media":0,"parent":0,"menu_order":0,"comment_status":"closed","ping_status":"closed","template":"","meta":[],"_links":{"self":[{"href":"https:\/\/www.stredoeuropskepohlady.fss.ukf.sk\/index.php?rest_route=\/wp\/v2\/pages\/3766"}],"collection":[{"href":"https:\/\/www.stredoeuropskepohlady.fss.ukf.sk\/index.php?rest_route=\/wp\/v2\/pages"}],"about":[{"href":"https:\/\/www.stredoeuropskepohlady.fss.ukf.sk\/index.php?rest_route=\/wp\/v2\/types\/page"}],"author":[{"embeddable":true,"href":"https:\/\/www.stredoeuropskepohlady.fss.ukf.sk\/index.php?rest_route=\/wp\/v2\/users\/5"}],"replies":[{"embeddable":true,"href":"https:\/\/www.stredoeuropskepohlady.fss.ukf.sk\/index.php?rest_route=%2Fwp%2Fv2%2Fcomments&post=3766"}],"version-history":[{"count":3,"href":"https:\/\/www.stredoeuropskepohlady.fss.ukf.sk\/index.php?rest_route=\/wp\/v2\/pages\/3766\/revisions"}],"predecessor-version":[{"id":4148,"href":"https:\/\/www.stredoeuropskepohlady.fss.ukf.sk\/index.php?rest_route=\/wp\/v2\/pages\/3766\/revisions\/4148"}],"wp:attachment":[{"href":"https:\/\/www.stredoeuropskepohlady.fss.ukf.sk\/index.php?rest_route=%2Fwp%2Fv2%2Fmedia&parent=3766"}],"curies":[{"name":"wp","href":"https:\/\/api.w.org\/{rel}","templated":true}]}}