{"id":3749,"date":"2020-01-18T13:17:26","date_gmt":"2020-01-18T12:17:26","guid":{"rendered":"http:\/\/www.stredoeuropskepohlady.fss.ukf.sk\/?page_id=3749"},"modified":"2020-01-24T09:29:47","modified_gmt":"2020-01-24T08:29:47","slug":"memories-diaries-diary-novels-about-the-first-world-war-in-hungarian-literature","status":"publish","type":"page","link":"https:\/\/www.stredoeuropskepohlady.fss.ukf.sk\/?page_id=3749","title":{"rendered":"Memories, Diaries, Diary Novels about the First World War in Hungarian Literature"},"content":{"rendered":"<h3>Erika Bence \u2013 Lenke Kocsis<\/h3>\n<p><strong><span style=\"color: #666666;\">IN:\u00a0<\/span><\/strong><span style=\"color: #666666;\">Stredoeur\u00f3pske poh\u013eady, Vol. I., Issue 1, 2019, pp. 86-94,\u00a0ISSN 2644-6367 (print), ISSN-2644-6472 (online)<\/span><\/p>\n<p><strong>DOI:\u00a0<\/strong>10.17846\/CEV.2019.01.1.86-94<\/p>\n<p><strong>Abstract:<\/strong><\/p>\n<blockquote style=\"font-size: 14pt; font-family: 'Source Sans Pro', 'Helvetica Neue', Helvetica, Arial, sans-serif;\"><p>The paper aims to examine and interpret literary portrayals of the First World War in diary novels (G\u00e1bor Darvas), memoires (Rodion Markovits, Art\u00far Munk, Geiza Farkas), authentic diaries (Art\u00far Munk) and reminiscences (J\u00f3zsef Kozma) in Hungarian literature. Among these are bestsellers (Art\u00far Munk), confessions in novel form (G\u00e1bor Darvas), and a diary published on the occasion of the centenary (J\u00f3zsef K.). In the comparative analysis the relating novels of Jaroslav Ha\u0161ek, Ernest Hemingway and Erich Maria Remarque are introduced as world literary points of reference.<\/p><\/blockquote>\n<p><a href=\"https:\/\/www.stredoeuropskepohlady.fss.ukf.sk\/wp-content\/uploads\/2019\/12\/2019-01-10_Bence_Kocis.pdf\"><strong>PDF<\/strong><\/a><\/p>\n","protected":false},"excerpt":{"rendered":"<p>Erika Bence \u2013 Lenke Kocsis IN:\u00a0Stredoeur\u00f3pske poh\u013eady, Vol. I., Issue 1, 2019, pp. 86-94,\u00a0ISSN 2644-6367 [&hellip;]<\/p>\n","protected":false},"author":5,"featured_media":0,"parent":0,"menu_order":0,"comment_status":"closed","ping_status":"closed","template":"","meta":[],"_links":{"self":[{"href":"https:\/\/www.stredoeuropskepohlady.fss.ukf.sk\/index.php?rest_route=\/wp\/v2\/pages\/3749"}],"collection":[{"href":"https:\/\/www.stredoeuropskepohlady.fss.ukf.sk\/index.php?rest_route=\/wp\/v2\/pages"}],"about":[{"href":"https:\/\/www.stredoeuropskepohlady.fss.ukf.sk\/index.php?rest_route=\/wp\/v2\/types\/page"}],"author":[{"embeddable":true,"href":"https:\/\/www.stredoeuropskepohlady.fss.ukf.sk\/index.php?rest_route=\/wp\/v2\/users\/5"}],"replies":[{"embeddable":true,"href":"https:\/\/www.stredoeuropskepohlady.fss.ukf.sk\/index.php?rest_route=%2Fwp%2Fv2%2Fcomments&post=3749"}],"version-history":[{"count":8,"href":"https:\/\/www.stredoeuropskepohlady.fss.ukf.sk\/index.php?rest_route=\/wp\/v2\/pages\/3749\/revisions"}],"predecessor-version":[{"id":4146,"href":"https:\/\/www.stredoeuropskepohlady.fss.ukf.sk\/index.php?rest_route=\/wp\/v2\/pages\/3749\/revisions\/4146"}],"wp:attachment":[{"href":"https:\/\/www.stredoeuropskepohlady.fss.ukf.sk\/index.php?rest_route=%2Fwp%2Fv2%2Fmedia&parent=3749"}],"curies":[{"name":"wp","href":"https:\/\/api.w.org\/{rel}","templated":true}]}}