{"id":3742,"date":"2020-01-18T13:09:52","date_gmt":"2020-01-18T12:09:52","guid":{"rendered":"http:\/\/www.stredoeuropskepohlady.fss.ukf.sk\/?page_id=3742"},"modified":"2020-01-24T09:29:42","modified_gmt":"2020-01-24T08:29:42","slug":"nacisticka-okupace-v-novele-jana-otcenaska-romeo-julie-a-tma-a-ve-filmove-adaptaci-jiriho-weisse","status":"publish","type":"page","link":"https:\/\/www.stredoeuropskepohlady.fss.ukf.sk\/?page_id=3742","title":{"rendered":"Nacistick\u00e1 okupace v novele Jana Ot\u010den\u00e1\u0161ka \u201eRomeo, Julie a tma\u201c a&nbsp;ve filmov\u00e9 adaptaci Ji\u0159\u00edho Weisse"},"content":{"rendered":"<h2 style=\"text-align: center;\">Nazi Occupation in the Novel \u201eRomeo, Juliet and Darkness\u201d by Jan Ot\u010den\u00e1\u0161ek and in the Film Adaptation by Ji\u0159\u00ed Weiss<\/h2>\n<h3>Petr Ku\u010dera<\/h3>\n<p><strong><span style=\"color: #666666;\">IN:\u00a0<\/span><\/strong><span style=\"color: #666666;\">Stredoeur\u00f3pske poh\u013eady, Vol. I., Issue 1, 2019, pp. 76-85,\u00a0ISSN 2644-6367 (print), ISSN-2644-6472 (online)<\/span><\/p>\n<p><strong>DOI:\u00a0<\/strong>10.17846\/CEV.2019.01.1.76-85<\/p>\n<p><strong>Abstract:<\/strong><\/p>\n<blockquote style=\"font-size: 14pt; font-family: 'Source Sans Pro', 'Helvetica Neue', Helvetica, Arial, sans-serif;\"><p>The article deals with the comparative analysis of Jan Ot\u010den\u00e1\u0161ek\u2019s prose <em>Romeo, Julie a tma<\/em> (<em>Romeo, Juliet and Darkness<\/em>, 1958), and the film adaptation of director Ji\u0159\u00ed Weiss (1959). The writer and director co-wrote the script \u2013 when they came to film adaptation, they sought to make changes to the text of the prose, which would allow the language of the film to best express the disturbing atmosphere of the period of Nazi occupation in Prague. Prose and film are the prologue of the \u201egolden sixties\u201c years of Czech literary and film \u2013 in addition to the short stories published at the same time by Arno\u0161t Lustig, they begin a stage of literary and film interest in Jewish fate under the conditions of the Nazi occupation regime in the Czech part of the former Czechoslovakia. On the ground plan of the famous tragedy of W. Shakespeare, J. Ot\u010den\u00e1\u0161ek created a love drama from the darkest period of the 20th century \u2013 film adaptation, the story dynamises and highlights the moral dilemma of people who have had to take a clear stance in the face of the fate of the Jews.<\/p><\/blockquote>\n<p><a href=\"https:\/\/www.stredoeuropskepohlady.fss.ukf.sk\/wp-content\/uploads\/2019\/12\/2019-01-09_Kucera.pdf\"><strong>PDF<\/strong><\/a><\/p>\n","protected":false},"excerpt":{"rendered":"<p>Nazi Occupation in the Novel \u201eRomeo, Juliet and Darkness\u201d by Jan Ot\u010den\u00e1\u0161ek and in the [&hellip;]<\/p>\n","protected":false},"author":5,"featured_media":0,"parent":0,"menu_order":0,"comment_status":"closed","ping_status":"closed","template":"","meta":[],"_links":{"self":[{"href":"https:\/\/www.stredoeuropskepohlady.fss.ukf.sk\/index.php?rest_route=\/wp\/v2\/pages\/3742"}],"collection":[{"href":"https:\/\/www.stredoeuropskepohlady.fss.ukf.sk\/index.php?rest_route=\/wp\/v2\/pages"}],"about":[{"href":"https:\/\/www.stredoeuropskepohlady.fss.ukf.sk\/index.php?rest_route=\/wp\/v2\/types\/page"}],"author":[{"embeddable":true,"href":"https:\/\/www.stredoeuropskepohlady.fss.ukf.sk\/index.php?rest_route=\/wp\/v2\/users\/5"}],"replies":[{"embeddable":true,"href":"https:\/\/www.stredoeuropskepohlady.fss.ukf.sk\/index.php?rest_route=%2Fwp%2Fv2%2Fcomments&post=3742"}],"version-history":[{"count":4,"href":"https:\/\/www.stredoeuropskepohlady.fss.ukf.sk\/index.php?rest_route=\/wp\/v2\/pages\/3742\/revisions"}],"predecessor-version":[{"id":4145,"href":"https:\/\/www.stredoeuropskepohlady.fss.ukf.sk\/index.php?rest_route=\/wp\/v2\/pages\/3742\/revisions\/4145"}],"wp:attachment":[{"href":"https:\/\/www.stredoeuropskepohlady.fss.ukf.sk\/index.php?rest_route=%2Fwp%2Fv2%2Fmedia&parent=3742"}],"curies":[{"name":"wp","href":"https:\/\/api.w.org\/{rel}","templated":true}]}}