{"id":3737,"date":"2020-01-18T13:05:17","date_gmt":"2020-01-18T12:05:17","guid":{"rendered":"http:\/\/www.stredoeuropskepohlady.fss.ukf.sk\/?page_id=3737"},"modified":"2020-01-24T09:36:47","modified_gmt":"2020-01-24T08:36:47","slug":"capeks-decalogue-for-these-great-days-as-a-social-and-political-manifesto-to-the-birth-of-the-first-republic-in-1918","status":"publish","type":"page","link":"https:\/\/www.stredoeuropskepohlady.fss.ukf.sk\/?page_id=3737","title":{"rendered":"\u010capkovo \u201eDesatero pro tyto velik\u00e9 dny\u201c jako spole\u010densk\u00fd a&nbsp;politick\u00fd manifest ke zrodu prvn\u00ed republiky v&nbsp;roce 1918"},"content":{"rendered":"<h2 style=\"text-align: center;\">\u010capek\u2019s \u201eDecalogue for These Great Days\u201d as a Social and Political Manifesto to the Birth of the First Republic in 1918<\/h2>\n<h3>Agnieszka Janiec-Nyitrai<\/h3>\n<p><strong><span style=\"color: #666666;\">IN:\u00a0<\/span><\/strong><span style=\"color: #666666;\">Stredoeur\u00f3pske poh\u013eady, Vol. I., Issue 1, 2019, pp. 69-75,\u00a0ISSN 2644-6367 (print), ISSN-2644-6472 (online)<\/span><\/p>\n<p><strong>DOI:\u00a0<\/strong>10.17846\/CEV.2019.01.1.69-75<\/p>\n<p><strong>Abstract:<\/strong><\/p>\n<blockquote style=\"font-size: 14pt; font-family: 'Source Sans Pro', 'Helvetica Neue', Helvetica, Arial, sans-serif;\"><p>The study is devoted to the analysis of Karel \u010capek\u2019s article \u201eDecalogue for these great days\u201c. \u010capek published his article on the day after the establishment of an independent Czechoslovakia, on the 29th of October, 1918. This text can be regarded as a manifesto of the emerging new state. \u010capek is essentially very rational and does not allow himself to be too enthusiastic on the first days of independence. The program he formulates is very definite and clear. \u010capek\u2019s Decalogue carries a strong moral mission. All these aspects are analyzed in the study.<\/p><\/blockquote>\n<p><a href=\"https:\/\/www.stredoeuropskepohlady.fss.ukf.sk\/wp-content\/uploads\/2019\/12\/2019-01-08_Janiec-Nytrai.pdf\"><strong>PDF<\/strong><\/a><\/p>\n","protected":false},"excerpt":{"rendered":"<p>\u010capek\u2019s \u201eDecalogue for These Great Days\u201d as a Social and Political Manifesto to the Birth [&hellip;]<\/p>\n","protected":false},"author":5,"featured_media":0,"parent":0,"menu_order":0,"comment_status":"closed","ping_status":"closed","template":"","meta":[],"_links":{"self":[{"href":"https:\/\/www.stredoeuropskepohlady.fss.ukf.sk\/index.php?rest_route=\/wp\/v2\/pages\/3737"}],"collection":[{"href":"https:\/\/www.stredoeuropskepohlady.fss.ukf.sk\/index.php?rest_route=\/wp\/v2\/pages"}],"about":[{"href":"https:\/\/www.stredoeuropskepohlady.fss.ukf.sk\/index.php?rest_route=\/wp\/v2\/types\/page"}],"author":[{"embeddable":true,"href":"https:\/\/www.stredoeuropskepohlady.fss.ukf.sk\/index.php?rest_route=\/wp\/v2\/users\/5"}],"replies":[{"embeddable":true,"href":"https:\/\/www.stredoeuropskepohlady.fss.ukf.sk\/index.php?rest_route=%2Fwp%2Fv2%2Fcomments&post=3737"}],"version-history":[{"count":5,"href":"https:\/\/www.stredoeuropskepohlady.fss.ukf.sk\/index.php?rest_route=\/wp\/v2\/pages\/3737\/revisions"}],"predecessor-version":[{"id":4167,"href":"https:\/\/www.stredoeuropskepohlady.fss.ukf.sk\/index.php?rest_route=\/wp\/v2\/pages\/3737\/revisions\/4167"}],"wp:attachment":[{"href":"https:\/\/www.stredoeuropskepohlady.fss.ukf.sk\/index.php?rest_route=%2Fwp%2Fv2%2Fmedia&parent=3737"}],"curies":[{"name":"wp","href":"https:\/\/api.w.org\/{rel}","templated":true}]}}