{"id":3708,"date":"2020-01-18T12:35:22","date_gmt":"2020-01-18T11:35:22","guid":{"rendered":"http:\/\/www.stredoeuropskepohlady.fss.ukf.sk\/?page_id=3708"},"modified":"2020-01-24T09:36:32","modified_gmt":"2020-01-24T08:36:32","slug":"variations-of-eights-in-life-and-works-of-jan-motulko","status":"publish","type":"page","link":"https:\/\/www.stredoeuropskepohlady.fss.ukf.sk\/?page_id=3708","title":{"rendered":"Osmi\u010dkov\u00e9 vari\u00e1cie v&nbsp;\u017eivote i&nbsp;tvorbe J\u00e1na Motulka"},"content":{"rendered":"<h2 style=\"text-align: center;\">Variations of \u201eEights\u201d in Life and Works of J\u00e1n Motulko<\/h2>\n<h3>Jozef Bruncl\u00edk<\/h3>\n<p><strong><span style=\"color: #666666;\">IN:\u00a0<\/span><\/strong><span style=\"color: #666666;\">Stredoeur\u00f3pske poh\u013eady, Vol. I., Issue 1, 2019, pp. 34-43,\u00a0ISSN 2644-6367 (print), ISSN-2644-6472 (online)<\/span><\/p>\n<p><strong>DOI:\u00a0<\/strong>10.17846\/CEV.2019.01.1.34-43<\/p>\n<p><strong>Abstract:<\/strong><\/p>\n<blockquote style=\"font-size: 14pt; font-family: 'Source Sans Pro', 'Helvetica Neue', Helvetica, Arial, sans-serif;\"><p>We still consider as necessary to point to poets who, despite the crime of totalitarianism and the dubious priorities of time, remained active. Life attitude and poetry of the poet J\u00e1n Motulko (1920 \u2013 2013) are an example. This poet and a prominent photographer was unique not only in terms of the formal qualities of his verses, but also in his unambiguous loyalty to the philosophical and spiritual legacy of the best that created poetry in 20th century. He is still an underestimated personality in the Slovak literature \u2013 his cadre profile did not meet the requirements of the reality after February 1948.<\/p><\/blockquote>\n<p><a href=\"https:\/\/www.stredoeuropskepohlady.fss.ukf.sk\/wp-content\/uploads\/2019\/12\/2019-01-04_Brunclik.pdf\"><strong>PDF<\/strong><\/a><\/p>\n","protected":false},"excerpt":{"rendered":"<p>Variations of \u201eEights\u201d in Life and Works of J\u00e1n Motulko Jozef Bruncl\u00edk IN:\u00a0Stredoeur\u00f3pske poh\u013eady, Vol. [&hellip;]<\/p>\n","protected":false},"author":5,"featured_media":0,"parent":0,"menu_order":0,"comment_status":"closed","ping_status":"closed","template":"","meta":[],"_links":{"self":[{"href":"https:\/\/www.stredoeuropskepohlady.fss.ukf.sk\/index.php?rest_route=\/wp\/v2\/pages\/3708"}],"collection":[{"href":"https:\/\/www.stredoeuropskepohlady.fss.ukf.sk\/index.php?rest_route=\/wp\/v2\/pages"}],"about":[{"href":"https:\/\/www.stredoeuropskepohlady.fss.ukf.sk\/index.php?rest_route=\/wp\/v2\/types\/page"}],"author":[{"embeddable":true,"href":"https:\/\/www.stredoeuropskepohlady.fss.ukf.sk\/index.php?rest_route=\/wp\/v2\/users\/5"}],"replies":[{"embeddable":true,"href":"https:\/\/www.stredoeuropskepohlady.fss.ukf.sk\/index.php?rest_route=%2Fwp%2Fv2%2Fcomments&post=3708"}],"version-history":[{"count":7,"href":"https:\/\/www.stredoeuropskepohlady.fss.ukf.sk\/index.php?rest_route=\/wp\/v2\/pages\/3708\/revisions"}],"predecessor-version":[{"id":4163,"href":"https:\/\/www.stredoeuropskepohlady.fss.ukf.sk\/index.php?rest_route=\/wp\/v2\/pages\/3708\/revisions\/4163"}],"wp:attachment":[{"href":"https:\/\/www.stredoeuropskepohlady.fss.ukf.sk\/index.php?rest_route=%2Fwp%2Fv2%2Fmedia&parent=3708"}],"curies":[{"name":"wp","href":"https:\/\/api.w.org\/{rel}","templated":true}]}}