{"id":3698,"date":"2020-01-18T12:23:09","date_gmt":"2020-01-18T11:23:09","guid":{"rendered":"http:\/\/www.stredoeuropskepohlady.fss.ukf.sk\/?page_id=3698"},"modified":"2020-01-24T09:29:17","modified_gmt":"2020-01-24T08:29:17","slug":"slovenska-a-madarska-katolicka-literatura-tvarou-v-tvar-komunizmu","status":"publish","type":"page","link":"https:\/\/www.stredoeuropskepohlady.fss.ukf.sk\/?page_id=3698","title":{"rendered":"Slovensk\u00e1 a&nbsp;ma\u010farsk\u00e1 katol\u00edcka literat\u00fara tv\u00e1rou v&nbsp;tv\u00e1r komunizmu"},"content":{"rendered":"<h2 style=\"text-align: center;\">Slovak and Hungarian Catholic Literature Face to Face with Communism<\/h2>\n<h3>J\u00e1n Gallik<\/h3>\n<p><strong><span style=\"color: #666666;\">IN:\u00a0<\/span><\/strong><span style=\"color: #666666;\">Stredoeur\u00f3pske poh\u013eady, Vol. I., Issue 1, 2019, pp. 22-33,\u00a0ISSN 2644-6367 (print), ISSN-2644-6472 (online)<\/span><\/p>\n<p><strong>DOI:\u00a0<\/strong>10.17846\/CEV.2019.01.1.22-33<\/p>\n<p><strong>Abstract:<\/strong><\/p>\n<blockquote style=\"font-size: 14pt; font-family: 'Source Sans Pro', 'Helvetica Neue', Helvetica, Arial, sans-serif;\"><p>The aim of the study is to present selected spiritual-Catholic literary works of authors from Outside the official literature at the time of communist totality in Slovakia (respectively Czechoslovakia) and Hungary, such as Pavol Strauss, Jozef T\u00f3th \u2013 S\u00e1ndor S\u00edk, L\u00e1szlo M\u00e9cs, S\u00e1ndor We\u00f6res. Some were tolerated by The ruling state power (an existence of a so-called grey eminence, there was even a Catholic literary magazine Vigilia being published in Hungary, what was not allowed in Czech Republic or Slovakia in this period of Time). This was mostly because of their religious conviction or disagreement with the socio-political situation. Their literary works, their activities in the field of culture and church could be considered as a reaction to the Political processes in the time of communist totalitarianism.<\/p><\/blockquote>\n<p><a href=\"https:\/\/www.stredoeuropskepohlady.fss.ukf.sk\/wp-content\/uploads\/2019\/12\/2019-01-03_Gallik.pdf\"><strong>PDF<\/strong><\/a><\/p>\n","protected":false},"excerpt":{"rendered":"<p>Slovak and Hungarian Catholic Literature Face to Face with Communism J\u00e1n Gallik IN:\u00a0Stredoeur\u00f3pske poh\u013eady, Vol. [&hellip;]<\/p>\n","protected":false},"author":5,"featured_media":0,"parent":0,"menu_order":0,"comment_status":"closed","ping_status":"closed","template":"","meta":[],"_links":{"self":[{"href":"https:\/\/www.stredoeuropskepohlady.fss.ukf.sk\/index.php?rest_route=\/wp\/v2\/pages\/3698"}],"collection":[{"href":"https:\/\/www.stredoeuropskepohlady.fss.ukf.sk\/index.php?rest_route=\/wp\/v2\/pages"}],"about":[{"href":"https:\/\/www.stredoeuropskepohlady.fss.ukf.sk\/index.php?rest_route=\/wp\/v2\/types\/page"}],"author":[{"embeddable":true,"href":"https:\/\/www.stredoeuropskepohlady.fss.ukf.sk\/index.php?rest_route=\/wp\/v2\/users\/5"}],"replies":[{"embeddable":true,"href":"https:\/\/www.stredoeuropskepohlady.fss.ukf.sk\/index.php?rest_route=%2Fwp%2Fv2%2Fcomments&post=3698"}],"version-history":[{"count":4,"href":"https:\/\/www.stredoeuropskepohlady.fss.ukf.sk\/index.php?rest_route=\/wp\/v2\/pages\/3698\/revisions"}],"predecessor-version":[{"id":4139,"href":"https:\/\/www.stredoeuropskepohlady.fss.ukf.sk\/index.php?rest_route=\/wp\/v2\/pages\/3698\/revisions\/4139"}],"wp:attachment":[{"href":"https:\/\/www.stredoeuropskepohlady.fss.ukf.sk\/index.php?rest_route=%2Fwp%2Fv2%2Fmedia&parent=3698"}],"curies":[{"name":"wp","href":"https:\/\/api.w.org\/{rel}","templated":true}]}}