{"id":3667,"date":"2020-01-18T11:38:02","date_gmt":"2020-01-18T10:38:02","guid":{"rendered":"http:\/\/www.stredoeuropskepohlady.fss.ukf.sk\/?page_id=3667"},"modified":"2020-01-24T09:36:20","modified_gmt":"2020-01-24T08:36:20","slug":"development-of-the-culture-of-slovakia-within-central-europe-and-the-role-of-christianity-in-the-20th-century-principles-of-democracy-and-christian-universalism-in-key-literary-works","status":"publish","type":"page","link":"https:\/\/www.stredoeuropskepohlady.fss.ukf.sk\/?page_id=3667","title":{"rendered":"V\u00fdvin kult\u00fary Slovenska v&nbsp;r\u00e1mci strednej Eur\u00f3py a&nbsp;rola kres\u0165anstva v&nbsp;20. storo\u010d\u00ed (princ\u00edpy demokracie a&nbsp;kres\u0165ansk\u00e9ho univerzalizmu v&nbsp;k\u013e\u00fa\u010dov\u00fdch liter\u00e1rnych dielach)"},"content":{"rendered":"<h2 style=\"text-align: center; \">Development of the Culture of Slovakia Within Central Europe and the Role of Christianity in the 20th Century (Principles of Democracy and Christian Universalism in Key Literary Works)<\/h2>\n<h3>M\u00e1ria B\u00e1torov\u00e1<\/h3>\n<p><strong><span style=\"color: #666666;\">IN:\u00a0<\/span><\/strong><span style=\"color: #666666;\">Stredoeur\u00f3pske poh\u013eady, Vol. I., Issue 1, 2019, pp- 5-11,\u00a0ISSN 2644-6367 (print), ISSN-2644-6472 (online)<\/span><\/p>\n<p><strong>DOI:\u00a0<\/strong>10.17846\/CEV.2019.01.1.5-11<\/p>\n<p><strong>Abstract:<\/strong><\/p>\n<blockquote style=\"font-size: 14pt; font-family: 'Source Sans Pro', 'Helvetica Neue', Helvetica, Arial, sans-serif;\"><p>The study has a cross-sectional ambition to point to two socio-political attributes of Slovak culture: Christianity and democracy, from the beginning to the present and on the basis of literary works and their contexts. The Christian motives and the tendency towards equality and democracy in the fight for the rights of Slovak culture are a long-term companion sign of the development which is evident in the artistic expressions of Slovak culture.<\/p><\/blockquote>\n<p><a href=\"https:\/\/www.stredoeuropskepohlady.fss.ukf.sk\/wp-content\/uploads\/2019\/12\/2019-01-01_Batorova.pdf\"><strong>PDF<\/strong><\/a><\/p>\n","protected":false},"excerpt":{"rendered":"<p>Development of the Culture of Slovakia Within Central Europe and the Role of Christianity in [&hellip;]<\/p>\n","protected":false},"author":5,"featured_media":0,"parent":0,"menu_order":0,"comment_status":"closed","ping_status":"closed","template":"","meta":[],"_links":{"self":[{"href":"https:\/\/www.stredoeuropskepohlady.fss.ukf.sk\/index.php?rest_route=\/wp\/v2\/pages\/3667"}],"collection":[{"href":"https:\/\/www.stredoeuropskepohlady.fss.ukf.sk\/index.php?rest_route=\/wp\/v2\/pages"}],"about":[{"href":"https:\/\/www.stredoeuropskepohlady.fss.ukf.sk\/index.php?rest_route=\/wp\/v2\/types\/page"}],"author":[{"embeddable":true,"href":"https:\/\/www.stredoeuropskepohlady.fss.ukf.sk\/index.php?rest_route=\/wp\/v2\/users\/5"}],"replies":[{"embeddable":true,"href":"https:\/\/www.stredoeuropskepohlady.fss.ukf.sk\/index.php?rest_route=%2Fwp%2Fv2%2Fcomments&post=3667"}],"version-history":[{"count":17,"href":"https:\/\/www.stredoeuropskepohlady.fss.ukf.sk\/index.php?rest_route=\/wp\/v2\/pages\/3667\/revisions"}],"predecessor-version":[{"id":4160,"href":"https:\/\/www.stredoeuropskepohlady.fss.ukf.sk\/index.php?rest_route=\/wp\/v2\/pages\/3667\/revisions\/4160"}],"wp:attachment":[{"href":"https:\/\/www.stredoeuropskepohlady.fss.ukf.sk\/index.php?rest_route=%2Fwp%2Fv2%2Fmedia&parent=3667"}],"curies":[{"name":"wp","href":"https:\/\/api.w.org\/{rel}","templated":true}]}}