{"id":3551,"date":"2019-11-15T13:26:10","date_gmt":"2019-11-15T12:26:10","guid":{"rendered":"http:\/\/www.stredoeuropskepohlady.fss.ukf.sk\/?page_id=3551"},"modified":"2025-12-09T11:00:22","modified_gmt":"2025-12-09T10:00:22","slug":"editorial-board","status":"publish","type":"page","link":"https:\/\/www.stredoeuropskepohlady.fss.ukf.sk\/?page_id=3551","title":{"rendered":"EDITORIAL BOARD"},"content":{"rendered":"<p><span style=\"font-size: 17px;\">Bogus\u0142aw Bakula (Wroc\u0142aw, Pozna\u0144, Poland)<br \/>\nM\u00e1ria B\u00e1torov\u00e1 (University of \u017dilina, Slovakia)<br \/>\nOleg Fedoszov (E\u00f6tv\u00f6s Lor\u00e1nd University in Budapest, Hungary)<br \/>\nErik Gilk (Palack\u00fd University Olomouc, Czechia)<br \/>\n<\/span><span style=\"font-size: 17px;\">M\u00e1rta Goldmann (Holocaust Memorial Center, Budapest, Hungary)<br \/>\nAgnieszka Janiec-Nyitrai (E\u00f6tv\u00f6s Lor\u00e1nd University in Budapest, Hungary)<br \/>\nRen\u00e1ta Kamen\u00e1rov\u00e1 (University of Pittsburgh, USA)<br \/>\n<\/span><span style=\"font-size: 17px;\">Zolt\u00e1n Kelemen (University of Szeged, Hungary)<br \/>\nPetr Ku\u010dera (University of West Bohemia, Czechia)<br \/>\n<\/span><span style=\"font-size: 17px;\">\u00c9va M\u00e1rkus (E\u00f6tv\u00f6s Lor\u00e1nd University in Budapest, Hungary)<br \/>\nZolt\u00e1n N\u00e9meth (Univesity of Warsaw, Poland)<br \/>\nAnton Pokriv\u010d\u00e1k (University in Trnava, Slovakia)<br \/>\nCharles Sabatos (Yeditepe University, Turkey)<br \/>\nTone Smolej (University of Ljubljana, Slovenia)<br \/>\nMilo\u0161 Zelenka (Constantine the Philosopher Univesity in Nitra, Slovakia)<br \/>\nAnna Zelenkov\u00e1 (Institute of Slavonic Studies of the Czech Academy of Sciences, Czechia)<br \/>\nTibor \u017dilka (Nitra, Slovakia)<\/span><\/p>\n","protected":false},"excerpt":{"rendered":"<p>Bogus\u0142aw Bakula (Wroc\u0142aw, Pozna\u0144, Poland) M\u00e1ria B\u00e1torov\u00e1 (University of \u017dilina, Slovakia) Oleg Fedoszov (E\u00f6tv\u00f6s Lor\u00e1nd [&hellip;]<\/p>\n","protected":false},"author":5,"featured_media":0,"parent":0,"menu_order":0,"comment_status":"closed","ping_status":"closed","template":"","meta":[],"_links":{"self":[{"href":"https:\/\/www.stredoeuropskepohlady.fss.ukf.sk\/index.php?rest_route=\/wp\/v2\/pages\/3551"}],"collection":[{"href":"https:\/\/www.stredoeuropskepohlady.fss.ukf.sk\/index.php?rest_route=\/wp\/v2\/pages"}],"about":[{"href":"https:\/\/www.stredoeuropskepohlady.fss.ukf.sk\/index.php?rest_route=\/wp\/v2\/types\/page"}],"author":[{"embeddable":true,"href":"https:\/\/www.stredoeuropskepohlady.fss.ukf.sk\/index.php?rest_route=\/wp\/v2\/users\/5"}],"replies":[{"embeddable":true,"href":"https:\/\/www.stredoeuropskepohlady.fss.ukf.sk\/index.php?rest_route=%2Fwp%2Fv2%2Fcomments&post=3551"}],"version-history":[{"count":17,"href":"https:\/\/www.stredoeuropskepohlady.fss.ukf.sk\/index.php?rest_route=\/wp\/v2\/pages\/3551\/revisions"}],"predecessor-version":[{"id":6809,"href":"https:\/\/www.stredoeuropskepohlady.fss.ukf.sk\/index.php?rest_route=\/wp\/v2\/pages\/3551\/revisions\/6809"}],"wp:attachment":[{"href":"https:\/\/www.stredoeuropskepohlady.fss.ukf.sk\/index.php?rest_route=%2Fwp%2Fv2%2Fmedia&parent=3551"}],"curies":[{"name":"wp","href":"https:\/\/api.w.org\/{rel}","templated":true}]}}