{"id":2961,"date":"2019-10-24T11:51:31","date_gmt":"2019-10-24T11:51:31","guid":{"rendered":"http:\/\/www.stredoeuropskepohlady.fss.ukf.sk\/?page_id=2961"},"modified":"2026-03-11T14:22:38","modified_gmt":"2026-03-11T13:22:38","slug":"main-page","status":"publish","type":"page","link":"https:\/\/www.stredoeuropskepohlady.fss.ukf.sk\/?lang=en","title":{"rendered":"MAIN PAGE"},"content":{"rendered":"\t\t<div data-elementor-type=\"wp-page\" data-elementor-id=\"2961\" class=\"elementor elementor-2961\">\n\t\t\t\t\t\t<div class=\"elementor-inner\">\n\t\t\t\t<div class=\"elementor-section-wrap\">\n\t\t\t\t\t\t\t\t\t<section class=\"elementor-section elementor-top-section elementor-element elementor-element-3b6b8cbe elementor-section-boxed elementor-section-height-default elementor-section-height-default\" data-id=\"3b6b8cbe\" data-element_type=\"section\">\n\t\t\t\t\t\t<div class=\"elementor-container elementor-column-gap-default\">\n\t\t\t\t\t\t\t<div class=\"elementor-row\">\n\t\t\t\t\t<div class=\"elementor-column elementor-col-100 elementor-top-column elementor-element elementor-element-71125661\" data-id=\"71125661\" data-element_type=\"column\">\n\t\t\t<div class=\"elementor-column-wrap elementor-element-populated\">\n\t\t\t\t\t\t\t<div class=\"elementor-widget-wrap\">\n\t\t\t\t\t\t<div class=\"elementor-element elementor-element-313fef5a elementor-widget elementor-widget-text-editor\" data-id=\"313fef5a\" data-element_type=\"widget\" data-widget_type=\"text-editor.default\">\n\t\t\t\t<div class=\"elementor-widget-container\">\n\t\t\t\t\t\t\t\t<div class=\"elementor-text-editor elementor-clearfix\">\n\t\t\t\t<p><style type=\"text\/css\">\nA:hover { COLOR: #f39200; }<br \/><\/style>\n<\/p>\n<p>The journal <em><strong>Stredoeur\u00f3pske poh\u013eady<\/strong><\/em> (<em>Central European Views<\/em><strong>, <\/strong>ISSN 2644-6367, e-ISSN 2644-6472) is a peer-reviewed Open Access Journal published by the <a href=\"http:\/\/www.usjk.fss.ukf.sk\/\">Institute of Central European languages and Cultures at the Faculty of Central European Studies Constantine the Philosopher University<\/a> in Nitra. One of the conceptual intentions of the editors is to create a platform for publishing research on the history, language, literature and culture of Central Europe, including the culture of its national minorities. It follows contextual relationship and mutual conditionality or differences of language and culture development, cultural patterns of Central European area and its ethnic groups in the context of the dominant cultures.<\/p>\n<p>The journal is published semiannually and it is a follow-up to the proceeding <em>Kult\u00fara a s\u00fa\u010dasnos\u0165<\/em> published between 2004 and 2018.<\/p>\n<p><strong>Editor-in-chief<br><\/strong>Lenka \u0160tvrteck\u00e1<br>Zuzana Vargov\u00e1<\/p>\n<p><b>Editors<br><\/b>Monika Adamick\u00e1<br>J\u00e1n Gallik<br>Vikt\u00f3ria Gergelyov\u00e1<br>Dominika Hlavinov\u00e1 Tekeliov\u00e1<br><span style=\"background-color: rgba(255, 255, 255, 0);\">Luk\u00e1\u0161 Jiskra<br>Klaudia Klam\u00e1rov\u00e1<br><\/span><span style=\"background-color: rgba(255, 255, 255, 0);\">Michal Krauter<br><\/span><span style=\"background-color: rgba(255, 255, 255, 0);\">Alexej Mikul\u00e1\u0161ek<br><\/span><span style=\"background-color: rgba(255, 255, 255, 0);\">Diana Starinsk\u00e1 Kacarov\u00e1<br><\/span><span style=\"background-color: rgba(255, 255, 255, 0);\">\u0160tefan Timko<\/span><\/p>\n<div>&nbsp;<\/div>\n<p style=\"text-align: center;\"><span style=\"font-size: 18pt;\"><strong>INDEX OF THE JOURNAL<\/strong><\/span><\/p>\n<p><a href=\"https:\/\/kanalregister.hkdir.no\/publiseringskanaler\/erihplus\/periodical\/info.action?id=504303\"><img decoding=\"async\" loading=\"lazy\" src=\"http:\/\/www.stredoeuropskepohlady.fss.ukf.sk\/wp-content\/uploads\/2022\/11\/erih-1-300x83.jpg\" alt=\"\" width=\"300\" height=\"83\"><\/a><\/p>\n<p><a href=\"https:\/\/cms.crepc.sk\/\"><img decoding=\"async\" loading=\"lazy\" src=\"http:\/\/www.stredoeuropskepohlady.fss.ukf.sk\/wp-content\/uploads\/2019\/11\/crepc_hdr2-300x28.jpg\" alt=\"\" width=\"557\" height=\"52\"><\/a><\/p>\n<p><a href=\"https:\/\/app.crepc.sk\/?fn=AdvancedSearchChildCAOU2&amp;seo=CREP%C4%8C-H%C4%BEadanie\"><img decoding=\"async\" src=\"http:\/\/www.stredoeuropskepohlady.fss.ukf.sk\/wp-content\/uploads\/2019\/11\/Slovak_National_Bibliografy-300x43.png\"><\/a><\/p>\n<p><a href=\"https:\/\/www.crossref.org\/\"><img decoding=\"async\" src=\"http:\/\/www.stredoeuropskepohlady.fss.ukf.sk\/wp-content\/uploads\/2019\/11\/Crossref.png\"><\/a><a href=\"https:\/\/www.worldcat.org\/\"><img decoding=\"async\" src=\"http:\/\/www.stredoeuropskepohlady.fss.ukf.sk\/wp-content\/uploads\/2019\/11\/WorldCat-300x90.png\"><\/a><a href=\"https:\/\/openaccess.cvtisr.sk\/\"><img decoding=\"async\" src=\"http:\/\/www.stredoeuropskepohlady.fss.ukf.sk\/wp-content\/uploads\/2020\/06\/oacvtisr_logo-1.png\" alt=\"\"><\/a><br><\/p>\n<p style=\"text-align: center;\">\n<\/p>\t\t\t\t\t<\/div>\n\t\t\t\t\t\t<\/div>\n\t\t\t\t<\/div>\n\t\t\t\t\t\t<\/div>\n\t\t\t\t\t<\/div>\n\t\t<\/div>\n\t\t\t\t\t\t\t\t<\/div>\n\t\t\t\t\t<\/div>\n\t\t<\/section>\n\t\t\t\t\t\t\t\t\t<\/div>\n\t\t\t<\/div>\n\t\t\t\t\t<\/div>\n\t\t","protected":false},"excerpt":{"rendered":"<p>The journal Stredoeur\u00f3pske poh\u013eady (Central European Views, ISSN 2644-6367, e-ISSN 2644-6472) is a peer-reviewed Open [&hellip;]<\/p>\n","protected":false},"author":5,"featured_media":0,"parent":0,"menu_order":0,"comment_status":"closed","ping_status":"closed","template":"","meta":[],"_links":{"self":[{"href":"https:\/\/www.stredoeuropskepohlady.fss.ukf.sk\/index.php?rest_route=\/wp\/v2\/pages\/2961"}],"collection":[{"href":"https:\/\/www.stredoeuropskepohlady.fss.ukf.sk\/index.php?rest_route=\/wp\/v2\/pages"}],"about":[{"href":"https:\/\/www.stredoeuropskepohlady.fss.ukf.sk\/index.php?rest_route=\/wp\/v2\/types\/page"}],"author":[{"embeddable":true,"href":"https:\/\/www.stredoeuropskepohlady.fss.ukf.sk\/index.php?rest_route=\/wp\/v2\/users\/5"}],"replies":[{"embeddable":true,"href":"https:\/\/www.stredoeuropskepohlady.fss.ukf.sk\/index.php?rest_route=%2Fwp%2Fv2%2Fcomments&post=2961"}],"version-history":[{"count":47,"href":"https:\/\/www.stredoeuropskepohlady.fss.ukf.sk\/index.php?rest_route=\/wp\/v2\/pages\/2961\/revisions"}],"predecessor-version":[{"id":6910,"href":"https:\/\/www.stredoeuropskepohlady.fss.ukf.sk\/index.php?rest_route=\/wp\/v2\/pages\/2961\/revisions\/6910"}],"wp:attachment":[{"href":"https:\/\/www.stredoeuropskepohlady.fss.ukf.sk\/index.php?rest_route=%2Fwp%2Fv2%2Fmedia&parent=2961"}],"curies":[{"name":"wp","href":"https:\/\/api.w.org\/{rel}","templated":true}]}}