{"id":2955,"date":"2019-10-24T11:48:01","date_gmt":"2019-10-24T11:48:01","guid":{"rendered":"http:\/\/www.stredoeuropskepohlady.fss.ukf.sk\/?page_id=2955"},"modified":"2026-04-07T15:05:35","modified_gmt":"2026-04-07T13:05:35","slug":"hlavna-stranka","status":"publish","type":"page","link":"https:\/\/www.stredoeuropskepohlady.fss.ukf.sk\/","title":{"rendered":"HLAVN\u00c1 STR\u00c1NKA"},"content":{"rendered":"<style type=\"text\/css\">\nA:hover { COLOR: #f39200; } \/><br \/><\/style>\n<p style=\"text-align: justify;\">\u010casopis <strong>Stredoeur\u00f3pske poh\u013eady<\/strong> (ISSN 2644-6367, e-ISSN 2644-6472)\u00a0 je recenzovan\u00fd Open Access \u010dasopis vyd\u00e1van\u00fd <a href=\"http:\/\/www.usjk.fss.ukf.sk\">\u00dastavom stredoeur\u00f3pskych jazykov a kult\u00far FS\u0160 UKF v Nitre<\/a>. S\u00fa\u010das\u0165ou koncep\u010dn\u00fdch z\u00e1merov redakcie je vytvorenie platformy pre publikovanie v\u00fdskumu z oblasti hist\u00f3rie, jazyka, literat\u00fary a kult\u00fary strednej Eur\u00f3py, vr\u00e1tane kult\u00fary n\u00e1rodnostn\u00fdch men\u0161\u00edn. Sleduje kontextov\u00e9 s\u00favislosti a vz\u00e1jomn\u00fa podmienenos\u0165 \u010di odli\u0161nosti v\u00fdvinu jazyka a kult\u00far, kult\u00farne z\u00e1konitosti stredoeur\u00f3pskeho are\u00e1lu a etnick\u00fdch skup\u00edn v kontexte v\u00e4\u010d\u0161inovej kult\u00fary.<\/p>\n<p style=\"text-align: justify;\">\u010casopis Stredoeur\u00f3pske poh\u013eady vych\u00e1dza dvakr\u00e1t ro\u010dne a nadv\u00e4zuje na zborn\u00edk Kult\u00fara a s\u00fa\u010dasnos\u0165, ktor\u00fd bol vyd\u00e1van\u00fd v rokoch 2004 \u2013 2018.<\/p>\n<p><strong>\u0160\u00e9fredaktorka<br \/>\n<\/strong>Lenka \u0160tvrteck\u00e1<br \/>\nZuzana Vargov\u00e1<\/p>\n<p><strong>Redakcia<br \/>\n<\/strong>Monika Adamick\u00e1<br \/>\nDenisa Balogov\u00e1<br \/>\nJ\u00e1n Gallik<br \/>\nVikt\u00f3ria Gergelyov\u00e1<br \/>\nDominika Hlavinov\u00e1 Tekeliov\u00e1<br \/>\nLuk\u00e1\u0161 Jiskra<br \/>\nKlaudia Klam\u00e1rov\u00e1<br \/>\nMichal Krauter<br \/>\nAlexej Mikul\u00e1\u0161ek<br \/>\nDiana Starinsk\u00e1 Kacarov\u00e1<br \/>\n\u0160tefan Timko<\/p>\n<p style=\"text-align: center;\"><span style=\"font-size: 18pt;\"><strong>INDEX \u010cASOPISU<\/strong><\/span><\/p>\n<p><a href=\"https:\/\/kanalregister.hkdir.no\/publiseringskanaler\/erihplus\/periodical\/info.action?id=504303\"><img decoding=\"async\" loading=\"lazy\" class=\"alignnone size-medium wp-image-5215 aligncenter\" src=\"http:\/\/www.stredoeuropskepohlady.fss.ukf.sk\/wp-content\/uploads\/2022\/11\/erih-300x83.jpg\" alt=\"\" width=\"300\" height=\"83\" srcset=\"https:\/\/www.stredoeuropskepohlady.fss.ukf.sk\/wp-content\/uploads\/2022\/11\/erih-300x83.jpg 300w, https:\/\/www.stredoeuropskepohlady.fss.ukf.sk\/wp-content\/uploads\/2022\/11\/erih.jpg 684w\" sizes=\"(max-width: 300px) 85vw, 300px\" \/><\/a><\/p>\n<p><a href=\"https:\/\/cms.crepc.sk\/\"><img decoding=\"async\" loading=\"lazy\" class=\"aligncenter\" src=\"http:\/\/www.stredoeuropskepohlady.fss.ukf.sk\/wp-content\/uploads\/2019\/11\/crepc_hdr2-300x28.jpg\" alt=\"\" width=\"557\" height=\"52\" align=\"center\" \/><\/a><\/p>\n<p><a href=\"https:\/\/app.crepc.sk\/?fn=AdvancedSearchChildCAOU2&amp;amp;seo=CREP%C4%8C-H%C4%BEadanie\"><img decoding=\"async\" class=\"aligncenter\" src=\"http:\/\/www.stredoeuropskepohlady.fss.ukf.sk\/wp-content\/uploads\/2019\/11\/Slovak_National_Bibliografy-300x43.png\" \/><\/a><\/p>\n<p><a href=\"https:\/\/www.crossref.org\/\"><img decoding=\"async\" class=\"aligncenter\" src=\"http:\/\/www.stredoeuropskepohlady.fss.ukf.sk\/wp-content\/uploads\/2019\/11\/Crossref.png\" \/><\/a><a href=\"https:\/\/www.worldcat.org\/\"><img decoding=\"async\" class=\"aligncenter\" src=\"http:\/\/www.stredoeuropskepohlady.fss.ukf.sk\/wp-content\/uploads\/2019\/11\/WorldCat-300x90.png\" \/><\/a><a href=\"https:\/\/openaccess.cvtisr.sk\/\"><img decoding=\"async\" loading=\"lazy\" width=\"254\" height=\"80\" class=\"size-full wp-image-4249 aligncenter\" src=\"http:\/\/www.stredoeuropskepohlady.fss.ukf.sk\/wp-content\/uploads\/2020\/06\/oacvtisr_logo-1.png\" alt=\"\" \/><\/a><\/p>\n","protected":false},"excerpt":{"rendered":"<p>\u010casopis Stredoeur\u00f3pske poh\u013eady (ISSN 2644-6367, e-ISSN 2644-6472)\u00a0 je recenzovan\u00fd Open Access \u010dasopis vyd\u00e1van\u00fd \u00dastavom stredoeur\u00f3pskych [&hellip;]<\/p>\n","protected":false},"author":5,"featured_media":0,"parent":0,"menu_order":0,"comment_status":"closed","ping_status":"closed","template":"","meta":[],"_links":{"self":[{"href":"https:\/\/www.stredoeuropskepohlady.fss.ukf.sk\/index.php?rest_route=\/wp\/v2\/pages\/2955"}],"collection":[{"href":"https:\/\/www.stredoeuropskepohlady.fss.ukf.sk\/index.php?rest_route=\/wp\/v2\/pages"}],"about":[{"href":"https:\/\/www.stredoeuropskepohlady.fss.ukf.sk\/index.php?rest_route=\/wp\/v2\/types\/page"}],"author":[{"embeddable":true,"href":"https:\/\/www.stredoeuropskepohlady.fss.ukf.sk\/index.php?rest_route=\/wp\/v2\/users\/5"}],"replies":[{"embeddable":true,"href":"https:\/\/www.stredoeuropskepohlady.fss.ukf.sk\/index.php?rest_route=%2Fwp%2Fv2%2Fcomments&post=2955"}],"version-history":[{"count":60,"href":"https:\/\/www.stredoeuropskepohlady.fss.ukf.sk\/index.php?rest_route=\/wp\/v2\/pages\/2955\/revisions"}],"predecessor-version":[{"id":6927,"href":"https:\/\/www.stredoeuropskepohlady.fss.ukf.sk\/index.php?rest_route=\/wp\/v2\/pages\/2955\/revisions\/6927"}],"wp:attachment":[{"href":"https:\/\/www.stredoeuropskepohlady.fss.ukf.sk\/index.php?rest_route=%2Fwp%2Fv2%2Fmedia&parent=2955"}],"curies":[{"name":"wp","href":"https:\/\/api.w.org\/{rel}","templated":true}]}}