{"id":2943,"date":"2019-10-09T10:27:40","date_gmt":"2019-10-09T10:27:40","guid":{"rendered":"http:\/\/www.stredoeuropskepohlady.fss.ukf.sk\/?page_id=2943"},"modified":"2023-01-07T22:03:11","modified_gmt":"2023-01-07T21:03:11","slug":"eticky-kodex","status":"publish","type":"page","link":"https:\/\/www.stredoeuropskepohlady.fss.ukf.sk\/?page_id=2943","title":{"rendered":"ETICK\u00dd K\u00d3DEX"},"content":{"rendered":"\t\t<div data-elementor-type=\"wp-page\" data-elementor-id=\"2943\" class=\"elementor elementor-2943\">\n\t\t\t\t\t\t<div class=\"elementor-inner\">\n\t\t\t\t<div class=\"elementor-section-wrap\">\n\t\t\t\t\t\t\t\t\t<section class=\"elementor-section elementor-top-section elementor-element elementor-element-a57c065 elementor-section-boxed elementor-section-height-default elementor-section-height-default\" data-id=\"a57c065\" data-element_type=\"section\">\n\t\t\t\t\t\t<div class=\"elementor-container elementor-column-gap-default\">\n\t\t\t\t\t\t\t<div class=\"elementor-row\">\n\t\t\t\t\t<div class=\"elementor-column elementor-col-50 elementor-top-column elementor-element elementor-element-754a5b4\" data-id=\"754a5b4\" data-element_type=\"column\">\n\t\t\t<div class=\"elementor-column-wrap elementor-element-populated\">\n\t\t\t\t\t\t\t<div class=\"elementor-widget-wrap\">\n\t\t\t\t\t\t<div class=\"elementor-element elementor-element-3835db1 elementor-widget elementor-widget-text-editor\" data-id=\"3835db1\" data-element_type=\"widget\" data-widget_type=\"text-editor.default\">\n\t\t\t\t<div class=\"elementor-widget-container\">\n\t\t\t\t\t\t\t\t<div class=\"elementor-text-editor elementor-clearfix\">\n\t\t\t\t<p class=\"MsoNormal\"><span lang=\"SK\">Redak\u010dn\u00e1 rada \u010dasopisu <i>Stredoeur\u00f3pske poh\u013eady<\/i> sa zav\u00e4zuje udr\u017eiava\u0165 integritu pr\u00e1ce, ktor\u00fa publikujeme. Hodnota akademick\u00e9ho publikovania z\u00e1vis\u00ed od toho, aby sa v\u0161etci zainteresovan\u00ed spr\u00e1vali eticky. Nasleduj\u00face body s\u00fa ur\u010den\u00e9 len na poskytnutie \u0161irok\u00e9ho preh\u013eadu a nie s\u00fa vy\u010derp\u00e1vaj\u00face. Odpor\u00fa\u010dame na\u0161im autorom a redaktorom, aby sa obr\u00e1tili na webov\u00fa str\u00e1nku <a href=\"https:\/\/publicationethics.org\/resources\/guidelines\/principles-transparency-and-best-practice-scholarly-publishing\">V\u00fdboru pre publika\u010dn\u00fa etiku (COPE)<\/a> a riadili sa <a href=\"https:\/\/publicationethics.org\/resources\/guidelines\/principles-transparency-and-best-practice-scholarly-publishing\">Etick\u00fdmi z\u00e1sadami transparentnosti a osved\u010den\u00fdmi postupmi vo vedeckom publikovan\u00ed V\u00fdboru pre publikovanie<\/a>.<\/span><\/p><p class=\"MsoNormal\"><span lang=\"SK\">V pr\u00edpade, \u017ee \u010dasopis prestane vych\u00e1dza\u0165 a odstr\u00e1ni webov\u00fa str\u00e1nku \u010dasopisu, v\u0161etky \u010dl\u00e1nky dostupn\u00e9 online zostan\u00fa dostupn\u00e9 v arch\u00edve Open Access na trval\u00e9 uchovanie.<\/span><\/p><p class=\"MsoNormal\" style=\"padding-left: 40px;\"><span lang=\"SK\">\u010eal\u0161ie zdroje:<\/span><\/p><p class=\"MsoListParagraphCxSpFirst\" style=\"text-indent: -18pt; padding-left: 40px;\"><!-- [if !supportLists]--><span lang=\"SK\">1. <\/span><a href=\"http:\/\/publicationethics.org\/\"><span lang=\"SK\">V\u00fdbor pre publika\u010dn\u00fa etiku (COPE)<\/span><\/a><\/p><p class=\"MsoListParagraphCxSpMiddle\" style=\"text-indent: -18pt; padding-left: 40px;\"><!-- [if !supportLists]--><span lang=\"SK\">2. <\/span><a href=\"https:\/\/www.bera.ac.uk\/researchers-resources\/resources-for-researchers\"><span lang=\"SK\">Britsk\u00e1 asoci\u00e1cia pre v\u00fdskum<br \/>vzdel\u00e1vania (BERA)<\/span><\/a><\/p><p class=\"MsoListParagraphCxSpLast\" style=\"text-indent: -18pt; padding-left: 40px;\"><!-- [if !supportLists]-->3. <a href=\"http:\/\/cseditors.wpenginepowered.com\/wp-content\/uploads\/CSE-White-Paper_Feb2022_webPDF.pdf\"><span lang=\"SK\">Rada <\/span>vedeck\u00fdch redaktorov (CSE)<\/a><\/p>\t\t\t\t\t<\/div>\n\t\t\t\t\t\t<\/div>\n\t\t\t\t<\/div>\n\t\t\t\t\t\t<\/div>\n\t\t\t\t\t<\/div>\n\t\t<\/div>\n\t\t\t\t<div class=\"elementor-column elementor-col-50 elementor-top-column elementor-element elementor-element-028d103\" data-id=\"028d103\" data-element_type=\"column\">\n\t\t\t<div class=\"elementor-column-wrap elementor-element-populated\">\n\t\t\t\t\t\t\t<div class=\"elementor-widget-wrap\">\n\t\t\t\t\t\t<div class=\"elementor-element elementor-element-f954c6b e-transform elementor-widget elementor-widget-accordion\" data-id=\"f954c6b\" data-element_type=\"widget\" data-settings=\"{&quot;_transform_skewX_effect_hover&quot;:{&quot;unit&quot;:&quot;px&quot;,&quot;size&quot;:&quot;&quot;,&quot;sizes&quot;:[]},&quot;_transform_skewX_effect_hover_tablet&quot;:{&quot;unit&quot;:&quot;px&quot;,&quot;size&quot;:&quot;&quot;,&quot;sizes&quot;:[]},&quot;_transform_skewX_effect_hover_mobile&quot;:{&quot;unit&quot;:&quot;px&quot;,&quot;size&quot;:&quot;&quot;,&quot;sizes&quot;:[]},&quot;_transform_skewY_effect_hover&quot;:{&quot;unit&quot;:&quot;px&quot;,&quot;size&quot;:&quot;&quot;,&quot;sizes&quot;:[]},&quot;_transform_skewY_effect_hover_tablet&quot;:{&quot;unit&quot;:&quot;px&quot;,&quot;size&quot;:&quot;&quot;,&quot;sizes&quot;:[]},&quot;_transform_skewY_effect_hover_mobile&quot;:{&quot;unit&quot;:&quot;px&quot;,&quot;size&quot;:&quot;&quot;,&quot;sizes&quot;:[]}}\" data-widget_type=\"accordion.default\">\n\t\t\t\t<div class=\"elementor-widget-container\">\n\t\t\t\t\t<div class=\"elementor-accordion\" role=\"tablist\">\n\t\t\t\t\t\t\t<div class=\"elementor-accordion-item\">\n\t\t\t\t\t<div id=\"elementor-tab-title-2611\" class=\"elementor-tab-title\" data-tab=\"1\" role=\"tab\" aria-controls=\"elementor-tab-content-2611\" aria-expanded=\"false\">\n\t\t\t\t\t\t\t\t\t\t\t\t\t<span class=\"elementor-accordion-icon elementor-accordion-icon-left\" aria-hidden=\"true\">\n\t\t\t\t\t\t\t\t\t\t\t\t\t\t\t<span class=\"elementor-accordion-icon-closed\"><i class=\"fas fa-plus\"><\/i><\/span>\n\t\t\t\t\t\t\t\t<span class=\"elementor-accordion-icon-opened\"><i class=\"fas fa-minus\"><\/i><\/span>\n\t\t\t\t\t\t\t\t\t\t\t\t\t\t<\/span>\n\t\t\t\t\t\t\t\t\t\t\t\t<a class=\"elementor-accordion-title\" href=\"\"><\/a>\n\t\t\t\t\t<\/div>\n\t\t\t\t\t<div id=\"elementor-tab-content-2611\" class=\"elementor-tab-content elementor-clearfix\" data-tab=\"1\" role=\"tabpanel\" aria-labelledby=\"elementor-tab-title-2611\"><\/div>\n\t\t\t\t<\/div>\n\t\t\t\t\t\t\t<div class=\"elementor-accordion-item\">\n\t\t\t\t\t<div id=\"elementor-tab-title-2612\" class=\"elementor-tab-title\" data-tab=\"2\" role=\"tab\" aria-controls=\"elementor-tab-content-2612\" aria-expanded=\"false\">\n\t\t\t\t\t\t\t\t\t\t\t\t\t<span class=\"elementor-accordion-icon elementor-accordion-icon-left\" aria-hidden=\"true\">\n\t\t\t\t\t\t\t\t\t\t\t\t\t\t\t<span class=\"elementor-accordion-icon-closed\"><i class=\"fas fa-plus\"><\/i><\/span>\n\t\t\t\t\t\t\t\t<span class=\"elementor-accordion-icon-opened\"><i class=\"fas fa-minus\"><\/i><\/span>\n\t\t\t\t\t\t\t\t\t\t\t\t\t\t<\/span>\n\t\t\t\t\t\t\t\t\t\t\t\t<a class=\"elementor-accordion-title\" href=\"\">Redakcia<\/a>\n\t\t\t\t\t<\/div>\n\t\t\t\t\t<div id=\"elementor-tab-content-2612\" class=\"elementor-tab-content elementor-clearfix\" data-tab=\"2\" role=\"tabpanel\" aria-labelledby=\"elementor-tab-title-2612\"><ol><li style=\"text-align: justify;\">Vydavate\u013eom \u010dasopisu Stredoeur\u00f3pske poh\u013eady (\u010falej len \u201e\u010dasopis\u201c) je Univerzita Kon\u0161tant\u00edna Filozofa v\u00a0Nitre.<\/li><li style=\"text-align: justify;\">\u010casopis vedie redakcia \u010dasopisu, ktor\u00e1 pozost\u00e1va z v\u00fdznamn\u00fdch odborn\u00edkov, ktor\u00fdch vedeckov\u00fdskumn\u00e1 \u010dinnos\u0165 je zameran\u00e1 na oblas\u0165 jazyka, kult\u00fary a umenia zo Slovenskej republiky a zahrani\u010dia. Jej \u00falohou je dozera\u0165 na dodr\u017eiavanie pravidiel publika\u010dnej etiky, a tak zaisti\u0165 po\u017eadovan\u00fa kvalitu publikovan\u00fdch pr\u00edspevkov.<\/li><li style=\"text-align: justify;\">Pravidl\u00e1 publika\u010dnej etiky s\u00fa z\u00e1v\u00e4zn\u00e9 pre v\u0161etky subjekty, ktor\u00e9 sa na tvorbe \u010dasopisu podie\u013eaj\u00fa, t. j. autori, redaktori, recenzenti a\u00a0korektori.<\/li><li style=\"text-align: justify;\">Redak\u010dn\u00e1 rada si v\u0161\u00edma podozrenia na nekorektn\u00e9 spr\u00e1vanie a\u00a0v\u00a0pr\u00edpade nutnosti prij\u00edma zodpovedaj\u00face rozhodnutie. Umo\u017e\u0148uje zverejnenie opr\u00e1v, vysvetlen\u00ed, ospravedlnen\u00ed t\u00fdkaj\u00facich sa pr\u00edspevku alebo jeho \u010dasti, pr\u00edpadne zabezpe\u010duje odstr\u00e1nenie pr\u00edspevku, a\u00a0to v\u00a0t\u00fdch pr\u00edpadoch, ak je to potrebn\u00e9 a\u00a0technicky mo\u017en\u00e9.<\/li><li style=\"text-align: justify;\">Redakcia m\u00e1 pr\u00e1vo prija\u0165 alebo odmietnu\u0165 pr\u00edspevok do recenzn\u00e9ho konania v\u00a0pr\u00edpade, ak pr\u00edspevok nezodpoved\u00e1 tematick\u00e9mu zameraniu \u010dasopisu.<\/li><li style=\"text-align: justify;\">Pri rozhodovan\u00ed redakcie o publikovan\u00ed (resp. nepublikovan\u00ed) vedeck\u00fdch \u0161t\u00fadi\u00ed a odborn\u00fdch pr\u00edspevkov tvoria v\u00fdchodiskov\u00fd materi\u00e1l posudky dvoch recenzentov. Pr\u00e1vom redak\u010dnej rady je \u00faspe\u0161ne zrecenzovan\u00fd pr\u00edspevok nezaradi\u0165 do tla\u010de ihne\u010f, resp. do najbli\u017e\u0161ieho \u010d\u00edsla.<\/li><li style=\"text-align: justify;\">O\u00a0publikovan\u00ed nerecenzovan\u00fdch pr\u00edspevkov ako s\u00fa spr\u00e1vy, rozhovory, eseje, recenzie a\u00a0i.\u00a0rozhoduje zodpovedn\u00fd redaktor, ktor\u00fd pri valid\u00e1cii spolupracuje so \u0161\u00e9fredaktorom, v\u00fdkonn\u00fdmi redaktormi a\u00a0redak\u010dnou radou.<\/li><li style=\"text-align: justify;\">Redakcia chr\u00e1ni d\u00f4vernos\u0165 osobn\u00fdch \u00fadajov, rukopisy, obsah recenzn\u00fdch posudkov a kore\u0161pondenciu redakcie s autormi a recenzentmi v s\u00falade s platnou legislat\u00edvou (Z\u00e1kon \u010d. 18\/2018 o ochrane osobn\u00fdch \u00fadajov a \u010fal\u0161ie predpisy).<\/li><li style=\"text-align: justify;\">Redakcia si vyhradzuje pr\u00e1vo na aktualiz\u00e1ciu form\u00e1lnych n\u00e1le\u017eitost\u00ed pr\u00edspevkov, ako aj Etick\u00e9ho k\u00f3dexu \u010dasopisu Stredoeur\u00f3pske poh\u013eady.<\/li><\/ol><\/div>\n\t\t\t\t<\/div>\n\t\t\t\t\t\t\t<div class=\"elementor-accordion-item\">\n\t\t\t\t\t<div id=\"elementor-tab-title-2613\" class=\"elementor-tab-title\" data-tab=\"3\" role=\"tab\" aria-controls=\"elementor-tab-content-2613\" aria-expanded=\"false\">\n\t\t\t\t\t\t\t\t\t\t\t\t\t<span class=\"elementor-accordion-icon elementor-accordion-icon-left\" aria-hidden=\"true\">\n\t\t\t\t\t\t\t\t\t\t\t\t\t\t\t<span class=\"elementor-accordion-icon-closed\"><i class=\"fas fa-plus\"><\/i><\/span>\n\t\t\t\t\t\t\t\t<span class=\"elementor-accordion-icon-opened\"><i class=\"fas fa-minus\"><\/i><\/span>\n\t\t\t\t\t\t\t\t\t\t\t\t\t\t<\/span>\n\t\t\t\t\t\t\t\t\t\t\t\t<a class=\"elementor-accordion-title\" href=\"\">Autori<\/a>\n\t\t\t\t\t<\/div>\n\t\t\t\t\t<div id=\"elementor-tab-content-2613\" class=\"elementor-tab-content elementor-clearfix\" data-tab=\"3\" role=\"tabpanel\" aria-labelledby=\"elementor-tab-title-2613\"><ol><li style=\"text-align: justify;\">Autor je povinn\u00fd obozn\u00e1mi\u0165 sa s\u00a0platn\u00fdm etick\u00fdm k\u00f3dexom, riadi\u0165 sa form\u00e1lnymi pokynmi pre \u00fapravu textu a\u00a0z\u00e1sadami obsiahnut\u00fdmi v\u00a0norme STN ISO690.<\/li><li style=\"text-align: justify;\">Autor na z\u00e1klade s\u00fahlasu v\u0161etk\u00fdch spoluautorov pr\u00edspevku predklad\u00e1 redakcii p\u00f4vodn\u00fd, doposia\u013e nepublikovan\u00fd text. Autor nesmie na publikovanie predlo\u017ei\u0165 rovnak\u00fd pr\u00edspevok, ktor\u00fd u\u017e bol v\u00a0minulosti predlo\u017een\u00fd, resp. publikovan\u00fd inde, pokia\u013e nebol v\u00fdrazne prepracovan\u00fd alebo doplnen\u00fd. V\u00a0takom pr\u00edpade mus\u00ed autor uvies\u0165 inform\u00e1ciu o\u00a0konkr\u00e9tnych \u00fadajoch p\u00f4vodn\u00e9ho pr\u00edspevku (t\u00fdka sa aj publikovania prekladov inojazy\u010dn\u00fdch pr\u00edspevkov).<\/li><li style=\"text-align: justify;\">Autor zodpoved\u00e1 za to, \u017ee v\u0161etky \u00fadaje uveden\u00e9 v\u00a0pr\u00edspevku s\u00fa korektn\u00e9 a\u00a0presn\u00e9. Plagi\u00e1torstvo a\u00a0pou\u017e\u00edvanie ned\u00f4veryhodn\u00fdch zdrojov je neakceptovate\u013en\u00e9.<\/li><li style=\"text-align: justify;\">Autor zodpoved\u00e1 za spr\u00e1vne a\u00a0presn\u00e9 citovanie pou\u017eitej literat\u00fary a\u00a0prame\u0148ov. Je povinn\u00fd uvies\u0165 aj svoju profesion\u00e1lnu pr\u00edslu\u0161nos\u0165 (pracovisko a\u00a0jeho adresu, kontaktn\u00fd email), pr\u00edpadne aj zdroj finan\u010dnej podpory v\u00fdskumu, v\u00a0r\u00e1mci ktor\u00e9ho pr\u00edspevok vznikol. Autor tie\u017e nesie zodpovednos\u0165 za uvedenie v\u0161etk\u00fdch spoluautorov, ktor\u00ed sa podie\u013eali na jeho vypracovan\u00ed.<\/li><li style=\"text-align: justify;\">Autor zabezpe\u010duje dodanie obr\u00e1zkov, m\u00e1p, grafov, tabuliek a\u00a0ostatn\u00e9ho sprievodn\u00e9ho materi\u00e1lu v\u00a0primeranej kvalite, pri\u010dom d\u00f4sledne dodr\u017eiava autorsk\u00e9 pr\u00e1va a\u00a0form\u00e1lne z\u00e1sady \u00fapravy pr\u00edspevku.<\/li><li style=\"text-align: justify;\">V\u00a0pr\u00edpade uverejnenia pr\u00edspevku autor ude\u013euje \u010dasopisu bezodplatn\u00fa, v\u00fdhradn\u00fa a\u00a0vecne, \u010dasovo, \u00fazemne a\u00a0in\u00fdm rozsahom neobmedzen\u00fa licenciu.<\/li><li style=\"text-align: justify;\">Autor je po doru\u010den\u00ed pr\u00edspevku povinn\u00fd ozn\u00e1mi\u0165 redakcii \u010dasopisu v\u0161etky z\u00e1va\u017en\u00e9 chyby a\u00a0nepresnosti v\u00a0pr\u00edspevku. Z\u00e1rove\u0148 sa zav\u00e4zuje k\u00a0ich odstr\u00e1neniu alebo oprave. Plat\u00ed to pre chyby, na ktor\u00e9 je upozornen\u00fd nielen v\u00a0recenznom konan\u00ed, ale aj v\u00a0pr\u00edpade zistenia vlastn\u00e9ho pochybenia.<\/li><li style=\"text-align: justify;\">Autor je opr\u00e1vnen\u00fd odvola\u0165 sa proti rozhodnutiu recenzentov. Kone\u010dn\u00e9 rozhodnutie je v kompetencii \u0161\u00e9fredaktora a zodpovedn\u00e9ho redaktora v\u00a0spolupr\u00e1ci s redakciou \u010dasopisu.<\/li><\/ol><\/div>\n\t\t\t\t<\/div>\n\t\t\t\t\t\t\t<div class=\"elementor-accordion-item\">\n\t\t\t\t\t<div id=\"elementor-tab-title-2614\" class=\"elementor-tab-title\" data-tab=\"4\" role=\"tab\" aria-controls=\"elementor-tab-content-2614\" aria-expanded=\"false\">\n\t\t\t\t\t\t\t\t\t\t\t\t\t<span class=\"elementor-accordion-icon elementor-accordion-icon-left\" aria-hidden=\"true\">\n\t\t\t\t\t\t\t\t\t\t\t\t\t\t\t<span class=\"elementor-accordion-icon-closed\"><i class=\"fas fa-plus\"><\/i><\/span>\n\t\t\t\t\t\t\t\t<span class=\"elementor-accordion-icon-opened\"><i class=\"fas fa-minus\"><\/i><\/span>\n\t\t\t\t\t\t\t\t\t\t\t\t\t\t<\/span>\n\t\t\t\t\t\t\t\t\t\t\t\t<a class=\"elementor-accordion-title\" href=\"\">Recenzent<\/a>\n\t\t\t\t\t<\/div>\n\t\t\t\t\t<div id=\"elementor-tab-content-2614\" class=\"elementor-tab-content elementor-clearfix\" data-tab=\"4\" role=\"tabpanel\" aria-labelledby=\"elementor-tab-title-2614\"><ol><li style=\"text-align: justify;\">Vedeck\u00e9 \u0161t\u00fadie a\u00a0odborn\u00e9 pr\u00edspevky podliehaj\u00fa recenzn\u00e9mu konaniu. V\u00a0pr\u00edpade rozdielnych stanov\u00edsk recenzentov si redakcia \u010dasopisu vyhradzuje pr\u00e1vo zabezpe\u010di\u0165 tret\u00ed recenzn\u00fd posudok.<\/li><li style=\"text-align: justify;\">Recenzent je povinn\u00fd obozn\u00e1mi\u0165 sa s\u00a0Etick\u00fdm k\u00f3dexom \u010dasopisu a\u00a0s\u00a0pokynmi pre autorov vych\u00e1dzaj\u00facimi zo z\u00e1sad normy STN ISO690.<\/li><li style=\"text-align: justify;\">Recenzn\u00e9 konanie je pr\u00edsne anonymn\u00e9 \u2013 recenzenti nepoznaj\u00fa identitu autora a\u00a0autor nepozn\u00e1 identitu recenzentov. Anonymitu pr\u00edspevku zaist\u00ed redakcia, a\u00a0to d\u00f4sledn\u00fdm odstr\u00e1nen\u00edm inform\u00e1ci\u00ed, ktor\u00e9 by mohli vies\u0165 k\u00a0identifik\u00e1cii autora \u010di recenzenta.<\/li><li style=\"text-align: justify;\">Recenzent prijat\u00edm rukopisu a\u00a0vyplnen\u00edm recenzn\u00e9ho formul\u00e1ra potvrdzuje, \u017ee si nie je vedom\u00fd stretu z\u00e1ujmov (napr. \u0161kolite\u013e, priama spolupr\u00e1ca s\u00a0autorom, konkuren\u010dn\u00e1 s\u00fa\u0165a\u017eivos\u0165 a\u00a0pod.).<\/li><li style=\"text-align: justify;\">Recenzent sa zav\u00e4zuje, \u017ee pos\u00fadi pr\u00edspevok z\u00a0h\u013eadiska odborn\u00e9ho obsahu pod\u013ea svojho najlep\u0161ieho vedomia a\u00a0svedomia.<\/li><li style=\"text-align: justify;\">Vypracovanie recenzie je objekt\u00edvne. Osobn\u00e1 kritika autora je nepr\u00edpustn\u00e1. Recenzent formuluje svoj n\u00e1zor odborne, jasne a\u00a0zrozumite\u013ene. Primerane ho podporuje argumentmi.<\/li><li style=\"text-align: justify;\">V\u00a0pr\u00edpade, \u017ee recenzent odhal\u00ed prek\u00e1\u017eku, ktor\u00e1 m\u00f4\u017ee br\u00e1ni\u0165 vypracovaniu recenzn\u00e9ho posudku, t\u00fato skuto\u010dnos\u0165 bezodkladne ozn\u00e1mi redakcii, plat\u00ed to aj v\u00a0pr\u00edpade nemo\u017enosti dodr\u017eania term\u00ednu pre vypracovanie recenzn\u00e9ho posudku.<\/li><li style=\"text-align: justify;\">Rukopis je d\u00f4vern\u00fdm materi\u00e1lom. Recenzent s\u00a0n\u00edm manipuluje diskr\u00e9tne, nikde ho nezverej\u0148uje a\u00a0nediskutuje o\u00a0\u0148om. V\u00fdnimku ude\u013euje \u0161\u00e9fredaktor \u010dasopisu alebo n\u00edm poveren\u00e1 osoba (napr. zodpovedn\u00fd redaktor). Za d\u00f4vern\u00e9 sa pova\u017euj\u00fa aj z\u00e1sadn\u00e9 inform\u00e1cie a\u00a0my\u0161lienky z\u00edskan\u00e9 po\u010das recenzn\u00e9ho konania, ktor\u00e9 sa nesm\u00fa pou\u017ei\u0165 na z\u00edskanie osobnej v\u00fdhody recenzenta.<\/li><li style=\"text-align: justify;\">Vlastnoru\u010dne podp\u00edsan\u00fd formul\u00e1r posudku recenzent za\u0161le (listom alebo mailom) na adresu redakcie alebo ho osobne doru\u010d\u00ed niektor\u00e9mu z\u00a0redaktorov.<\/li><li style=\"text-align: justify;\">Recenzn\u00e9 posudky sa v\u00a0anonymnej podobe m\u00f4\u017eu poskytn\u00fa\u0165 len autorom a\u00a0redak\u010dnej rade ako podklad pre kone\u010dn\u00e9 rozhodnutie o\u00a0publikovan\u00ed.<\/li><li style=\"text-align: justify;\">Recenzent je povinn\u00fd upozorni\u0165 redakciu, ak s\u00fa mu zn\u00e1me ak\u00e9ko\u013evek prek\u00e1\u017eky v\u00a0publikovan\u00ed recenzovan\u00e9ho pr\u00edspevku.<\/li><\/ol><\/div>\n\t\t\t\t<\/div>\n\t\t\t\t\t\t\t\t<\/div>\n\t\t\t\t<\/div>\n\t\t\t\t<\/div>\n\t\t\t\t\t\t<\/div>\n\t\t\t\t\t<\/div>\n\t\t<\/div>\n\t\t\t\t\t\t\t\t<\/div>\n\t\t\t\t\t<\/div>\n\t\t<\/section>\n\t\t\t\t<section class=\"elementor-section elementor-top-section elementor-element elementor-element-c762552 elementor-section-boxed elementor-section-height-default elementor-section-height-default\" data-id=\"c762552\" data-element_type=\"section\">\n\t\t\t\t\t\t<div class=\"elementor-container elementor-column-gap-default\">\n\t\t\t\t\t\t\t<div class=\"elementor-row\">\n\t\t\t\t\t<div class=\"elementor-column elementor-col-100 elementor-top-column elementor-element elementor-element-bb4ea7e\" data-id=\"bb4ea7e\" data-element_type=\"column\">\n\t\t\t<div class=\"elementor-column-wrap\">\n\t\t\t\t\t\t\t<div class=\"elementor-widget-wrap\">\n\t\t\t\t\t\t\t\t<\/div>\n\t\t\t\t\t<\/div>\n\t\t<\/div>\n\t\t\t\t\t\t\t\t<\/div>\n\t\t\t\t\t<\/div>\n\t\t<\/section>\n\t\t\t\t\t\t\t\t\t<\/div>\n\t\t\t<\/div>\n\t\t\t\t\t<\/div>\n\t\t","protected":false},"excerpt":{"rendered":"<p>Redak\u010dn\u00e1 rada \u010dasopisu Stredoeur\u00f3pske poh\u013eady sa zav\u00e4zuje udr\u017eiava\u0165 integritu pr\u00e1ce, ktor\u00fa publikujeme. Hodnota akademick\u00e9ho publikovania [&hellip;]<\/p>\n","protected":false},"author":5,"featured_media":0,"parent":0,"menu_order":0,"comment_status":"closed","ping_status":"closed","template":"","meta":[],"_links":{"self":[{"href":"https:\/\/www.stredoeuropskepohlady.fss.ukf.sk\/index.php?rest_route=\/wp\/v2\/pages\/2943"}],"collection":[{"href":"https:\/\/www.stredoeuropskepohlady.fss.ukf.sk\/index.php?rest_route=\/wp\/v2\/pages"}],"about":[{"href":"https:\/\/www.stredoeuropskepohlady.fss.ukf.sk\/index.php?rest_route=\/wp\/v2\/types\/page"}],"author":[{"embeddable":true,"href":"https:\/\/www.stredoeuropskepohlady.fss.ukf.sk\/index.php?rest_route=\/wp\/v2\/users\/5"}],"replies":[{"embeddable":true,"href":"https:\/\/www.stredoeuropskepohlady.fss.ukf.sk\/index.php?rest_route=%2Fwp%2Fv2%2Fcomments&post=2943"}],"version-history":[{"count":29,"href":"https:\/\/www.stredoeuropskepohlady.fss.ukf.sk\/index.php?rest_route=\/wp\/v2\/pages\/2943\/revisions"}],"predecessor-version":[{"id":5382,"href":"https:\/\/www.stredoeuropskepohlady.fss.ukf.sk\/index.php?rest_route=\/wp\/v2\/pages\/2943\/revisions\/5382"}],"wp:attachment":[{"href":"https:\/\/www.stredoeuropskepohlady.fss.ukf.sk\/index.php?rest_route=%2Fwp%2Fv2%2Fmedia&parent=2943"}],"curies":[{"name":"wp","href":"https:\/\/api.w.org\/{rel}","templated":true}]}}