{"id":2921,"date":"2019-09-12T15:34:11","date_gmt":"2019-09-12T15:34:11","guid":{"rendered":"http:\/\/www.stredoeuropskepohlady.fss.ukf.sk\/?page_id=2921"},"modified":"2022-07-24T11:53:58","modified_gmt":"2022-07-24T09:53:58","slug":"kontakt","status":"publish","type":"page","link":"https:\/\/www.stredoeuropskepohlady.fss.ukf.sk\/?page_id=2921","title":{"rendered":"KONTAKT"},"content":{"rendered":"\t\t<div data-elementor-type=\"wp-page\" data-elementor-id=\"2921\" class=\"elementor elementor-2921\">\n\t\t\t\t\t\t<div class=\"elementor-inner\">\n\t\t\t\t<div class=\"elementor-section-wrap\">\n\t\t\t\t\t\t\t\t\t<section class=\"elementor-section elementor-top-section elementor-element elementor-element-4840aa3f elementor-section-boxed elementor-section-height-default elementor-section-height-default\" data-id=\"4840aa3f\" data-element_type=\"section\">\n\t\t\t\t\t\t<div class=\"elementor-container elementor-column-gap-default\">\n\t\t\t\t\t\t\t<div class=\"elementor-row\">\n\t\t\t\t\t<div class=\"elementor-column elementor-col-100 elementor-top-column elementor-element elementor-element-1b104832\" data-id=\"1b104832\" data-element_type=\"column\">\n\t\t\t<div class=\"elementor-column-wrap elementor-element-populated\">\n\t\t\t\t\t\t\t<div class=\"elementor-widget-wrap\">\n\t\t\t\t\t\t<div class=\"elementor-element elementor-element-356b10fa elementor-widget elementor-widget-text-editor\" data-id=\"356b10fa\" data-element_type=\"widget\" data-widget_type=\"text-editor.default\">\n\t\t\t\t<div class=\"elementor-widget-container\">\n\t\t\t\t\t\t\t\t<div class=\"elementor-text-editor elementor-clearfix\">\n\t\t\t\t<p>\u00a0<\/p><p><style type=\"text\/css\">\nA:hover { COLOR: orange; }<br \/><\/style><\/p><p><a href=\"http:\/\/www.usjk.fss.ukf.sk\/\">\u00dastav stredoeur\u00f3pskych jazykov a\u00a0kult\u00far<\/a><br \/><a href=\"https:\/\/www.fss.ukf.sk\/sk\/\">Fakulta stredoeur\u00f3pskych \u0161t\u00fadi\u00ed UKF v\u00a0Nitre<\/a><br \/><span style=\"color: var( --e-global-color-text ); font-family: var( --e-global-typography-text-font-family ), Sans-serif; font-weight: var( --e-global-typography-text-font-weight ); background-color: rgba(255, 255, 255, 0);\">Dra\u017eovsk\u00e1 4<br \/><\/span><span style=\"color: var( --e-global-color-text ); font-family: var( --e-global-typography-text-font-family ), Sans-serif; font-weight: var( --e-global-typography-text-font-weight ); background-color: rgba(255, 255, 255, 0);\">949 01 Nitra, Slovensk\u00e1 republika<\/span><\/p><p><a href=\"mailto:ceviews@ukf.sk\">ceviews@ukf.sk<\/a>, <a href=\"mailto:stredoeuropskepohlady@gmail.com\">stredoeuropskepohlady@gmail.com<\/a>\u00a0<br \/>https:\/\/www.stredoeuropskepohlady.fss.ukf.sk<\/p><p>N\u00e1jdete n\u00e1s aj na\u00a0<a style=\"font-family: var( --e-global-typography-text-font-family ), Sans-serif; font-weight: var( --e-global-typography-text-font-weight ); background-color: rgba(255, 255, 255, 0);\" href=\"https:\/\/www.facebook.com\/stredoeuropskepohlady\" target=\"_blank\" rel=\"noopener\">Facebooku:\u00a0@stredoeuropskepohlady<\/a><\/p>\t\t\t\t\t<\/div>\n\t\t\t\t\t\t<\/div>\n\t\t\t\t<\/div>\n\t\t\t\t\t\t<\/div>\n\t\t\t\t\t<\/div>\n\t\t<\/div>\n\t\t\t\t\t\t\t\t<\/div>\n\t\t\t\t\t<\/div>\n\t\t<\/section>\n\t\t\t\t<section class=\"elementor-section elementor-top-section elementor-element elementor-element-c87f95c elementor-section-boxed elementor-section-height-default elementor-section-height-default\" data-id=\"c87f95c\" data-element_type=\"section\" data-settings=\"{&quot;animation&quot;:&quot;none&quot;}\">\n\t\t\t\t\t\t<div class=\"elementor-container elementor-column-gap-default\">\n\t\t\t\t\t\t\t<div class=\"elementor-row\">\n\t\t\t\t\t<div class=\"elementor-column elementor-col-100 elementor-top-column elementor-element elementor-element-d1d1fe7\" data-id=\"d1d1fe7\" data-element_type=\"column\">\n\t\t\t<div class=\"elementor-column-wrap elementor-element-populated\">\n\t\t\t\t\t\t\t<div class=\"elementor-widget-wrap\">\n\t\t\t\t\t\t<div class=\"elementor-element elementor-element-c97b7fa elementor-widget elementor-widget-google_maps\" data-id=\"c97b7fa\" data-element_type=\"widget\" data-widget_type=\"google_maps.default\">\n\t\t\t\t<div class=\"elementor-widget-container\">\n\t\t\t\t\t<div class=\"elementor-custom-embed\">\n\t\t\t<iframe frameborder=\"0\" scrolling=\"no\" marginheight=\"0\" marginwidth=\"0\"\n\t\t\t\t\tsrc=\"https:\/\/maps.google.com\/maps?q=48.322545%2C%2018.093329&#038;t=m&#038;z=13&#038;output=embed&#038;iwloc=near\"\n\t\t\t\t\ttitle=\"48.322545, 18.093329\"\n\t\t\t\t\taria-label=\"48.322545, 18.093329\"\n\t\t\t><\/iframe>\n\t\t<\/div>\n\t\t\t\t<\/div>\n\t\t\t\t<\/div>\n\t\t\t\t\t\t<\/div>\n\t\t\t\t\t<\/div>\n\t\t<\/div>\n\t\t\t\t\t\t\t\t<\/div>\n\t\t\t\t\t<\/div>\n\t\t<\/section>\n\t\t\t\t\t\t\t\t\t<\/div>\n\t\t\t<\/div>\n\t\t\t\t\t<\/div>\n\t\t","protected":false},"excerpt":{"rendered":"<p>\u00a0 \u00dastav stredoeur\u00f3pskych jazykov a\u00a0kult\u00farFakulta stredoeur\u00f3pskych \u0161t\u00fadi\u00ed UKF v\u00a0NitreDra\u017eovsk\u00e1 4949 01 Nitra, Slovensk\u00e1 republika ceviews@ukf.sk, [&hellip;]<\/p>\n","protected":false},"author":5,"featured_media":0,"parent":0,"menu_order":0,"comment_status":"closed","ping_status":"closed","template":"","meta":[],"_links":{"self":[{"href":"https:\/\/www.stredoeuropskepohlady.fss.ukf.sk\/index.php?rest_route=\/wp\/v2\/pages\/2921"}],"collection":[{"href":"https:\/\/www.stredoeuropskepohlady.fss.ukf.sk\/index.php?rest_route=\/wp\/v2\/pages"}],"about":[{"href":"https:\/\/www.stredoeuropskepohlady.fss.ukf.sk\/index.php?rest_route=\/wp\/v2\/types\/page"}],"author":[{"embeddable":true,"href":"https:\/\/www.stredoeuropskepohlady.fss.ukf.sk\/index.php?rest_route=\/wp\/v2\/users\/5"}],"replies":[{"embeddable":true,"href":"https:\/\/www.stredoeuropskepohlady.fss.ukf.sk\/index.php?rest_route=%2Fwp%2Fv2%2Fcomments&post=2921"}],"version-history":[{"count":27,"href":"https:\/\/www.stredoeuropskepohlady.fss.ukf.sk\/index.php?rest_route=\/wp\/v2\/pages\/2921\/revisions"}],"predecessor-version":[{"id":5015,"href":"https:\/\/www.stredoeuropskepohlady.fss.ukf.sk\/index.php?rest_route=\/wp\/v2\/pages\/2921\/revisions\/5015"}],"wp:attachment":[{"href":"https:\/\/www.stredoeuropskepohlady.fss.ukf.sk\/index.php?rest_route=%2Fwp%2Fv2%2Fmedia&parent=2921"}],"curies":[{"name":"wp","href":"https:\/\/api.w.org\/{rel}","templated":true}]}}