{"id":2910,"date":"2019-09-12T15:27:53","date_gmt":"2019-09-12T15:27:53","guid":{"rendered":"http:\/\/www.stredoeuropskepohlady.fss.ukf.sk\/?page_id=2910"},"modified":"2026-04-07T15:07:19","modified_gmt":"2026-04-07T13:07:19","slug":"redaktori","status":"publish","type":"page","link":"https:\/\/www.stredoeuropskepohlady.fss.ukf.sk\/?page_id=2910","title":{"rendered":"REDAK\u010cN\u00c1 RADA"},"content":{"rendered":"<p>Bogus\u0142aw Bakula (Vroclav, Pozna\u0148, Po\u013esko)<br \/>\nM\u00e1ria B\u00e1torov\u00e1 (\u017dilinsk\u00e1 univerzita v \u017diline, Slovensko)<br \/>\nOleg Fedoszov (Univerzita L\u00f3r\u00e1nda E\u00f6tv\u00f6sa v Budape\u0161ti, Ma\u010farsko)<br \/>\nErik Gilk (Univerzita Palack\u00e9ho v Olomouci, \u010cesko)<br \/>\nM\u00e1rta Goldmann (Holocaust Memorial Center, Budape\u0161\u0165, Ma\u010farsko)<br \/>\nAgnieszka Janiec-Nyitrai (Univerzita L\u00f3r\u00e1nda E\u00f6tv\u00f6sa v Budape\u0161ti, Ma\u010farsko)<br \/>\nRen\u00e1ta Kamen\u00e1rov\u00e1 (Univerzita v Pittsburghu, USA)<br \/>\nZolt\u00e1n Kelemen (Univerzita v Seged\u00edne, Ma\u010farsko)<br \/>\nPetr Ku\u010dera (Z\u00e1pado\u010desk\u00e1 univerzita v Plzni, \u010cesko)<br \/>\n\u00c9va M\u00e1rkus (Univerzita L\u00f3r\u00e1nda E\u00f6tv\u00f6sa v Budape\u0161ti, Ma\u010farsko)<br \/>\nZolt\u00e1n N\u00e9meth (Var\u0161avsk\u00e1 univerzita, Po\u013esko)<br \/>\nAnton Pokriv\u010d\u00e1k (Trnavsk\u00e1 univerzita v Trnave, Slovensko)<br \/>\nCharles Sabatos (Univerzita Yeditepe, Turecko)<br \/>\nTone Smolej (Univerzita v \u013dub\u013eane, Slovinsko)<br \/>\nMilo\u0161 Zelenka (Univerzita Kon\u0161tant\u00edna Filozofa v Nitre, Slovensko)<br \/>\nAnna Zelenkov\u00e1 (Slovansk\u00fd \u00fastav AV \u010cR v. v. i., Praha, \u010cesko)<br \/>\nTibor \u017dilka (Nitra, Slovensko)<\/p>\n","protected":false},"excerpt":{"rendered":"<p>Bogus\u0142aw Bakula (Vroclav, Pozna\u0148, Po\u013esko) M\u00e1ria B\u00e1torov\u00e1 (\u017dilinsk\u00e1 univerzita v \u017diline, Slovensko) Oleg Fedoszov (Univerzita [&hellip;]<\/p>\n","protected":false},"author":5,"featured_media":0,"parent":0,"menu_order":0,"comment_status":"closed","ping_status":"closed","template":"","meta":[],"_links":{"self":[{"href":"https:\/\/www.stredoeuropskepohlady.fss.ukf.sk\/index.php?rest_route=\/wp\/v2\/pages\/2910"}],"collection":[{"href":"https:\/\/www.stredoeuropskepohlady.fss.ukf.sk\/index.php?rest_route=\/wp\/v2\/pages"}],"about":[{"href":"https:\/\/www.stredoeuropskepohlady.fss.ukf.sk\/index.php?rest_route=\/wp\/v2\/types\/page"}],"author":[{"embeddable":true,"href":"https:\/\/www.stredoeuropskepohlady.fss.ukf.sk\/index.php?rest_route=\/wp\/v2\/users\/5"}],"replies":[{"embeddable":true,"href":"https:\/\/www.stredoeuropskepohlady.fss.ukf.sk\/index.php?rest_route=%2Fwp%2Fv2%2Fcomments&post=2910"}],"version-history":[{"count":24,"href":"https:\/\/www.stredoeuropskepohlady.fss.ukf.sk\/index.php?rest_route=\/wp\/v2\/pages\/2910\/revisions"}],"predecessor-version":[{"id":6929,"href":"https:\/\/www.stredoeuropskepohlady.fss.ukf.sk\/index.php?rest_route=\/wp\/v2\/pages\/2910\/revisions\/6929"}],"wp:attachment":[{"href":"https:\/\/www.stredoeuropskepohlady.fss.ukf.sk\/index.php?rest_route=%2Fwp%2Fv2%2Fmedia&parent=2910"}],"curies":[{"name":"wp","href":"https:\/\/api.w.org\/{rel}","templated":true}]}}