{"id":2882,"date":"2019-09-12T15:01:40","date_gmt":"2019-09-12T15:01:40","guid":{"rendered":"http:\/\/www.stredoeuropskepohlady.fss.ukf.sk\/?page_id=2882"},"modified":"2022-11-29T09:28:24","modified_gmt":"2022-11-29T08:28:24","slug":"profil-casopisu","status":"publish","type":"page","link":"https:\/\/www.stredoeuropskepohlady.fss.ukf.sk\/?page_id=2882","title":{"rendered":"O \u010cASOPISE"},"content":{"rendered":"<p>\u010casopis Stredoeur\u00f3pske poh\u013eady svoj\u00edm zacielen\u00edm na liter\u00e1rnu, jazykovedn\u00fa, kult\u00farnu a\u00a0umenovedn\u00fa oblas\u0165 poskytuje priestor pre publikovanie recenzovan\u00fdch vedeck\u00fdch \u0161t\u00fadi\u00ed i\u00a0\u010fal\u0161\u00edch odborn\u00fdch textov a\u00a0\u010dl\u00e1nkov prezentuj\u00facich jednak tie osobitosti tvorby etn\u00edk, ktor\u00e9 s\u00fa d\u00f4le\u017eit\u00e9 z\u00a0h\u013eadiska jeho kult\u00farnej identifik\u00e1cie a\u00a0eliminovania etnickej diskrimin\u00e1cie, ale aj\u00a0 zlo\u017eit\u00fd syst\u00e9m vz\u00e1jomn\u00fdch vz\u0165ahov \u010di inter- a\u00a0multikult\u00farny aspekt pr\u00edtomn\u00fd v\u00a0umeleckom diele. Prel\u00ednanie slovensk\u00fdch, \u010desk\u00fdch, ma\u010farsk\u00fdch, po\u013esk\u00fdch, \u017eidovsk\u00fdch a\u00a0in\u00fdch trad\u00edci\u00ed, akcentovanie spolo\u010dn\u00e9ho osudu, \u010di v\u00fdskum viacjazy\u010dnosti, nadob\u00fadaj\u00fa v\u00a0ostatn\u00fdch rokoch svoje pevn\u00e9 miesto v\u00a0humanitn\u00fdch ved\u00e1ch, st\u00e1vaj\u00fa sa stimulom pre ich rozvoj. Z\u00a0uveden\u00e9ho d\u00f4vodu publikovan\u00e9 texty interpret\u00e1ciou kontaktov\u00fdch javov, roz\u0161\u00edren\u00edm umenovedn\u00e9ho diskurzu o\u00a0postnacion\u00e1lny poh\u013ead, m\u00f4\u017eu prispie\u0165 k\u00a0posilneniu vedomia, k\u00a0reinterpret\u00e1cii spolo\u010dnej trad\u00edcie a\u00a0dej\u00edn, prekon\u00e1van\u00edm negat\u00edvnych auto- \u010di heteroobrazov na podporu\/revitaliz\u00e1ciu medzikult\u00farneho dial\u00f3gu. Zoh\u013eadnen\u00fd je pritom dom\u00e1ci i\u00a0zahrani\u010dn\u00fd (stredoeur\u00f3psky) kontext. Vzh\u013eadom na svoj tematick\u00fd z\u00e1ber je \u010dasopis ur\u010den\u00fd predov\u0161etk\u00fdm pre \u0161ir\u0161iu odborn\u00fa verejnos\u0165 z\u00a0radov v\u00e4\u010d\u0161inovej spolo\u010dnosti, ale aj minor\u00edt.<\/p>\n<p>Vydavate\u013e<br \/>\nUniverzita Kon\u0161tant\u00edna Filozofa v Nitre<br \/>\nTr. A. Hlinku 1<br \/>\n949 01 Nitra, Slovensk\u00e1 republika<br \/>\nI\u010cO 00157716<\/p>\n<p>EV 5863\/19<br \/>\nISSN 2644-6367<br \/>\ne-ISSN 2644-6472<\/p>\n<p>\u0160t\u00fadie s\u00fa obojstranne anonymne recenzovan\u00e9.<br \/>\n\u010casopis vych\u00e1dza dvakr\u00e1t ro\u010dne a je indexovan\u00fd v datab\u00e1zach: <a href=\"https:\/\/kanalregister.hkdir.no\/publiseringskanaler\/erihplus\/periodical\/info.action?id=504303\">ERIH Plus<\/a>, Centr\u00e1lny register evidencie publika\u010dnej \u010dinnosti, Slovak National Bibliography, Registration Agency of the International DOI Foundation, Online Computer Library Catalog.<\/p>\n<p>&nbsp;<\/p>\n<p style=\"text-align: center;\"><span style=\"font-size: 18pt;\"><strong>INDEX \u010cASOPISU<\/strong><\/span><\/p>\n<p><a href=\"https:\/\/kanalregister.hkdir.no\/publiseringskanaler\/erihplus\/periodical\/info.action?id=504303\"><img decoding=\"async\" loading=\"lazy\" class=\"size-medium wp-image-5215 aligncenter\" src=\"http:\/\/www.stredoeuropskepohlady.fss.ukf.sk\/wp-content\/uploads\/2022\/11\/erih-300x83.jpg\" alt=\"\" width=\"300\" height=\"83\" srcset=\"https:\/\/www.stredoeuropskepohlady.fss.ukf.sk\/wp-content\/uploads\/2022\/11\/erih-300x83.jpg 300w, https:\/\/www.stredoeuropskepohlady.fss.ukf.sk\/wp-content\/uploads\/2022\/11\/erih.jpg 684w\" sizes=\"(max-width: 300px) 85vw, 300px\" \/><\/a><\/p>\n<p><a href=\"https:\/\/cms.crepc.sk\/\"><img decoding=\"async\" loading=\"lazy\" class=\"wp-image-3529 aligncenter\" src=\"http:\/\/www.stredoeuropskepohlady.fss.ukf.sk\/wp-content\/uploads\/2019\/11\/crepc_hdr2-300x28.jpg\" alt=\"\" width=\"557\" height=\"52\" srcset=\"https:\/\/www.stredoeuropskepohlady.fss.ukf.sk\/wp-content\/uploads\/2019\/11\/crepc_hdr2-300x28.jpg 300w, https:\/\/www.stredoeuropskepohlady.fss.ukf.sk\/wp-content\/uploads\/2019\/11\/crepc_hdr2.jpg 644w\" sizes=\"(max-width: 557px) 85vw, 557px\" \/><\/a><\/p>\n<p><a href=\"https:\/\/app.crepc.sk\/?fn=AdvancedSearchChildCAOU2&amp;amp;seo=CREP%C4%8C-H%C4%BEadanie\"><img decoding=\"async\" class=\"aligncenter\" src=\"http:\/\/www.stredoeuropskepohlady.fss.ukf.sk\/wp-content\/uploads\/2019\/11\/Slovak_National_Bibliografy-300x43.png\" \/><\/a><\/p>\n<p><a href=\"https:\/\/www.crossref.org\/\"><img decoding=\"async\" class=\"aligncenter\" src=\"http:\/\/www.stredoeuropskepohlady.fss.ukf.sk\/wp-content\/uploads\/2019\/11\/Crossref.png\" \/><\/a><a href=\"https:\/\/www.worldcat.org\/\"><img decoding=\"async\" class=\"aligncenter\" src=\"http:\/\/www.stredoeuropskepohlady.fss.ukf.sk\/wp-content\/uploads\/2019\/11\/WorldCat-300x90.png\" \/><\/a><a href=\"https:\/\/openaccess.cvtisr.sk\/\"><img decoding=\"async\" loading=\"lazy\" width=\"254\" height=\"80\" class=\"size-full wp-image-4249 aligncenter\" src=\"http:\/\/www.stredoeuropskepohlady.fss.ukf.sk\/wp-content\/uploads\/2020\/06\/oacvtisr_logo-1.png\" alt=\"\" \/><\/a><\/p>\n","protected":false},"excerpt":{"rendered":"<p>\u010casopis Stredoeur\u00f3pske poh\u013eady svoj\u00edm zacielen\u00edm na liter\u00e1rnu, jazykovedn\u00fa, kult\u00farnu a\u00a0umenovedn\u00fa oblas\u0165 poskytuje priestor pre publikovanie [&hellip;]<\/p>\n","protected":false},"author":5,"featured_media":0,"parent":0,"menu_order":0,"comment_status":"closed","ping_status":"closed","template":"","meta":[],"_links":{"self":[{"href":"https:\/\/www.stredoeuropskepohlady.fss.ukf.sk\/index.php?rest_route=\/wp\/v2\/pages\/2882"}],"collection":[{"href":"https:\/\/www.stredoeuropskepohlady.fss.ukf.sk\/index.php?rest_route=\/wp\/v2\/pages"}],"about":[{"href":"https:\/\/www.stredoeuropskepohlady.fss.ukf.sk\/index.php?rest_route=\/wp\/v2\/types\/page"}],"author":[{"embeddable":true,"href":"https:\/\/www.stredoeuropskepohlady.fss.ukf.sk\/index.php?rest_route=\/wp\/v2\/users\/5"}],"replies":[{"embeddable":true,"href":"https:\/\/www.stredoeuropskepohlady.fss.ukf.sk\/index.php?rest_route=%2Fwp%2Fv2%2Fcomments&post=2882"}],"version-history":[{"count":18,"href":"https:\/\/www.stredoeuropskepohlady.fss.ukf.sk\/index.php?rest_route=\/wp\/v2\/pages\/2882\/revisions"}],"predecessor-version":[{"id":5223,"href":"https:\/\/www.stredoeuropskepohlady.fss.ukf.sk\/index.php?rest_route=\/wp\/v2\/pages\/2882\/revisions\/5223"}],"wp:attachment":[{"href":"https:\/\/www.stredoeuropskepohlady.fss.ukf.sk\/index.php?rest_route=%2Fwp%2Fv2%2Fmedia&parent=2882"}],"curies":[{"name":"wp","href":"https:\/\/api.w.org\/{rel}","templated":true}]}}